{"id":138,"date":"2024-12-11T15:35:31","date_gmt":"2024-12-11T14:35:31","guid":{"rendered":"https:\/\/feld32.wedeon.it\/?page_id=138"},"modified":"2025-06-27T15:27:13","modified_gmt":"2025-06-27T13:27:13","slug":"energiebranche","status":"publish","type":"page","link":"https:\/\/www.feld32.de\/en\/energiebranche\/","title":{"rendered":"Energy sector"},"content":{"rendered":"<div>Spezialisierung<\/div>\n<div>\n<p>Eine Spezialisierung ist f\u00fcr die Direktsuche bei Fach- und F\u00fchrungskr\u00e4ften eine Grundvoraussetzung, um qualitativ sehr gute Ergebnisse systematisch zu erzielen. Um eine Position besetzen zu k\u00f6nnen, muss man nicht nur das Handwerk beherrschen, sondern auch die Inhalte und die Branchenanforderungen verstehen.<\/p>\n<\/div>\n<h1>Personalberatung Energiebranche<\/h1>\n<h2>Energiebranche<\/h2>\n<div>\n<p>Wir sind in der Lage mit Kunden als auch mit den von uns angesprochenen Personen \u00fcber Inhalte zu sprechen und nicht nur \u00fcber Rahmendaten. Mehr als 20 Jahre Erfahrung in der Energiebranche bef\u00e4higen uns fachliche Anforderungen zu verstehen und diese bei einer Personalsuche einzubringen.<\/p>\n<p>Wir kennen die aktuellen Entwicklungen und Herausforderungen der Branche, aber auch die Anforderungen und Pr\u00e4ferenzen der Kandidaten \/-innen. Dieses Wissen lassen wir in unsere Arbeit einflie\u00dfen. Wir sind somit in der Lage, die Personen zu finden, die zu unseren Kunden passen. Aber auch \u2013 und das ist nicht minder wichtig \u2013 die Unternehmen zu kennen, die zu unseren Kandidaten \/-innen passen.<\/p>\n<\/div>\n<h2>Executive Search<\/h2>\n<div>\n<p>Executive Search, die Direktansprache, ist das Instrument, das ein strukturiertes und gezieltes Vorgehen erlaubt. Keine andere Methode im Recruiting generiert vergleichbare Quoten. Faktoren wie Gl\u00fcck und reine Quantit\u00e4t, die bei anderen Methoden im Recruiting dominieren, werden durch ein strukturiertes Vorgehen und Qualit\u00e4t ersetzt.<\/p>\n<\/div>\n<p><p>\n        <a href=\"\/kontakt\/\">Jetzt kontaktieren<\/a>\n    <\/p>\n<\/p>\n<p><!--more--><br \/>\n<!-- {\"type\":\"layout\",\"children\":[{\"name\":\"Hero\",\"type\":\"section\",\"props\":{\"header_transparent\":true,\"header_transparent_noplaceholder\":true,\"header_transparent_text_color\":\"light\",\"image\":\"wp-content\\\/uploads\\\/2025\\\/01\\\/feld32-energiebranche-hero.webp\",\"image_effect\":\"parallax\",\"image_height\":\"1440\",\"image_loading\":true,\"image_parallax_bgy\":\"-60,160\",\"image_parallax_easing\":\"1\",\"image_position\":\"bottom-left\",\"image_width\":\"2560\",\"media_overlay\":\"rgba(22, 22, 22, 0.85)\",\"padding\":\"xlarge\",\"style\":\"secondary\",\"title_breakpoint\":\"xl\",\"title_position\":\"top-left\",\"title_rotation\":\"left\",\"vertical_align\":\"\",\"width\":\"\"},\"children\":[{\"type\":\"row\",\"props\":{\"column_gap\":\"large\",\"layout\":\"1-2,1-2\",\"row_gap\":\"large\",\"width\":\"large\"},\"children\":[{\"type\":\"column\",\"props\":{\"image_position\":\"center-center\",\"position_sticky_breakpoint\":\"m\",\"width_xlarge\":\"1-2\"},\"children\":[{\"type\":\"headline\",\"props\":{\"animation\":\"parallax\",\"content\":\"Spezialisierung\",\"parallax_easing\":\"1\",\"parallax_end\":\"10vh + 10%\",\"parallax_opacity\":\"1,0\",\"parallax_y\":\"0,-40\",\"text_align\":\"left\",\"text_align_breakpoint\":\"m\",\"text_align_fallback\":\"center\",\"title_element\":\"div\",\"title_style\":\"heading-medium\"}}]},{\"type\":\"column\",\"props\":{\"image_position\":\"center-center\",\"position_sticky_breakpoint\":\"m\",\"vertical_align\":\"middle\",\"width_xlarge\":\"1-2\"},\"children\":[{\"type\":\"text\",\"props\":{\"animation\":\"parallax\",\"column_breakpoint\":\"m\",\"content\":\"\n\n<p>Eine Spezialisierung ist f\\u00fcr die Direktsuche bei Fach- und F\\u00fchrungskr\\u00e4ften eine Grundvoraussetzung, um qualitativ sehr gute Ergebnisse systematisch zu erzielen. Um eine Position besetzen zu k\\u00f6nnen, muss man nicht nur das Handwerk beherrschen, sondern auch die Inhalte und die Branchenanforderungen verstehen.<\\\/p>\",\"margin\":\"default\",\"parallax_easing\":\"1\",\"parallax_end\":\"10vh + 10%\",\"parallax_opacity\":\"1,0\",\"parallax_y\":\"0,-20\",\"text_align\":\"left\",\"text_align_breakpoint\":\"m\",\"text_align_fallback\":\"center\",\"text_style\":\"large\"}}]}]}]},{\"name\":\"Unsere Leistungen\",\"type\":\"section\",\"props\":{\"height_viewport\":false,\"id\":\"our-services\",\"image\":\"wp-content\\\/uploads\\\/2025\\\/02\\\/Energiefeld32-.svg\",\"image_effect\":\"parallax\",\"image_parallax_bgx\":\"500\",\"image_parallax_bgy\":\"-230,-50\",\"image_parallax_breakpoint\":\"m\",\"image_parallax_easing\":\"1\",\"image_position\":\"center-left\",\"image_width\":1550,\"media_visibility\":\"m\",\"padding\":\"xlarge\",\"padding_remove_top\":false,\"style\":\"default\",\"title_breakpoint\":\"xl\",\"title_position\":\"top-left\",\"title_rotation\":\"left\",\"vertical_align\":\"\",\"width\":\"large\"},\"children\":[{\"type\":\"row\",\"props\":{\"layout\":\"1-2,1-2\",\"margin\":\"large\"},\"children\":[{\"type\":\"column\",\"props\":{\"image_effect\":\"parallax\",\"image_parallax_bgx\":\"-500\",\"image_position\":\"center-left\",\"media_visibility\":\"m\",\"position_sticky_breakpoint\":\"m\",\"width_medium\":\"1-2\"},\"children\":[{\"type\":\"headline\",\"props\":{\"content\":\"Personalberatung Energiebranche\",\"title_element\":\"h1\",\"title_style\":\"h5\"}},{\"type\":\"headline\",\"props\":{\"animation\":\"none\",\"content\":\"Energiebranche\",\"parallax_opacity\":\"0.2,1\",\"text_align\":\"left\",\"text_align_breakpoint\":\"s\",\"text_align_fallback\":\"center\",\"title_element\":\"h2\",\"title_style\":\"heading-medium\"}},{\"type\":\"text\",\"props\":{\"column_breakpoint\":\"m\",\"content\":\"\n\n<p>Wir sind in der Lage mit Kunden als auch mit den von uns angesprochenen Personen \\u00fcber Inhalte zu sprechen und nicht nur \\u00fcber Rahmendaten. Mehr als 20 Jahre Erfahrung in der Energiebranche bef\\u00e4higen uns fachliche Anforderungen zu verstehen und diese bei einer Personalsuche einzubringen.<\\\/p>\\n\n\n<p>Wir kennen die aktuellen Entwicklungen und Herausforderungen der Branche, aber auch die Anforderungen und Pr\\u00e4ferenzen der Kandidaten \\\/-innen. Dieses Wissen lassen wir in unsere Arbeit einflie\\u00dfen. Wir sind somit in der Lage, die Personen zu finden, die zu unseren Kunden passen. Aber auch \\u2013 und das ist nicht minder wichtig \\u2013 die Unternehmen zu kennen, die zu unseren Kandidaten \\\/-innen passen.<\\\/p>\",\"margin\":\"default\"}}]},{\"type\":\"column\",\"props\":{\"image_position\":\"center-center\",\"position_sticky_breakpoint\":\"m\",\"width_medium\":\"1-2\"}}]}]},{\"name\":\"CTA 00\",\"type\":\"section\",\"props\":{\"image\":\"wp-content\\\/uploads\\\/2024\\\/12\\\/feld32-startseite-parallax.webp\",\"image_effect\":\"parallax\",\"image_parallax_bgx\":\",\",\"image_parallax_bgy\":\"500\",\"image_parallax_easing\":\"0\",\"image_position\":\"center-left\",\"media_overlay\":\"rgba(22, 22, 22, 0.78)\",\"padding\":\"xlarge\",\"style\":\"secondary\",\"title_breakpoint\":\"xl\",\"title_position\":\"top-left\",\"title_rotation\":\"left\",\"vertical_align\":\"\",\"width\":\"\"},\"children\":[{\"type\":\"row\",\"props\":{\"layout\":\"1-2,1-2\",\"margin\":\"xlarge\",\"width\":\"large\"},\"children\":[{\"type\":\"column\",\"props\":{\"image_position\":\"center-center\",\"position_sticky_breakpoint\":\"m\",\"vertical_align\":\"middle\",\"width_medium\":\"1-2\"}},{\"type\":\"column\",\"props\":{\"image\":\"wp-content\\\/uploads\\\/home-about-texture.svg\",\"image_position\":\"center-right\",\"position_sticky_breakpoint\":\"m\",\"vertical_align\":\"middle\",\"width_medium\":\"1-2\"},\"children\":[{\"type\":\"headline\",\"props\":{\"animation\":\"parallax\",\"content\":\"Executive Search\",\"parallax_easing\":\"1\",\"parallax_end\":\"70vh + 70%\",\"parallax_opacity\":\"0,1\",\"text_align\":\"left\",\"text_align_breakpoint\":\"m\",\"text_align_fallback\":\"center\",\"title_element\":\"h2\",\"title_style\":\"heading-medium\"}},{\"type\":\"text\",\"props\":{\"column_breakpoint\":\"m\",\"content\":\"\n\n<p>Executive Search, die Direktansprache, ist das Instrument, das ein strukturiertes und gezieltes Vorgehen erlaubt. Keine andere Methode im Recruiting generiert vergleichbare Quoten. Faktoren wie Gl\\u00fcck und reine Quantit\\u00e4t, die bei anderen Methoden im Recruiting dominieren, werden durch ein strukturiertes Vorgehen und Qualit\\u00e4t ersetzt.<\\\/p>\",\"margin\":\"default\"}},{\"type\":\"button\",\"props\":{\"grid_column_gap\":\"small\",\"grid_row_gap\":\"small\",\"margin\":\"large\"},\"children\":[{\"type\":\"button_item\",\"props\":{\"button_style\":\"primary\",\"content\":\"Jetzt kontaktieren\",\"dialog_layout\":\"modal\",\"dialog_offcanvas_flip\":true,\"icon\":\"arrow-right\",\"icon_align\":\"right\",\"link\":\"kontakt\\\/\"}}]}]}]}]}],\"version\":\"4.5.20\",\"yooessentialsVersion\":\"2.3.12\"} --><\/p>\n","protected":false},"excerpt":{"rendered":"<p>Spezialisierung Eine Spezialisierung ist f\u00fcr die Direktsuche bei Fach- und F\u00fchrungskr\u00e4ften eine Grundvoraussetzung, um qualitativ sehr gute Ergebnisse systematisch zu erzielen. Um eine Position besetzen zu k\u00f6nnen, muss man nicht nur das Handwerk beherrschen, sondern auch die Inhalte und die Branchenanforderungen verstehen. Personalberatung Energiebranche Energiebranche Wir sind in der Lage mit Kunden als auch mit [&hellip;]<\/p>\n","protected":false},"author":1,"featured_media":0,"parent":0,"menu_order":0,"comment_status":"closed","ping_status":"closed","template":"","meta":{"footnotes":""},"class_list":["post-138","page","type-page","status-publish","hentry"],"_links":{"self":[{"href":"https:\/\/www.feld32.de\/en\/wp-json\/wp\/v2\/pages\/138","targetHints":{"allow":["GET"]}}],"collection":[{"href":"https:\/\/www.feld32.de\/en\/wp-json\/wp\/v2\/pages"}],"about":[{"href":"https:\/\/www.feld32.de\/en\/wp-json\/wp\/v2\/types\/page"}],"author":[{"embeddable":true,"href":"https:\/\/www.feld32.de\/en\/wp-json\/wp\/v2\/users\/1"}],"replies":[{"embeddable":true,"href":"https:\/\/www.feld32.de\/en\/wp-json\/wp\/v2\/comments?post=138"}],"version-history":[{"count":10,"href":"https:\/\/www.feld32.de\/en\/wp-json\/wp\/v2\/pages\/138\/revisions"}],"predecessor-version":[{"id":702,"href":"https:\/\/www.feld32.de\/en\/wp-json\/wp\/v2\/pages\/138\/revisions\/702"}],"wp:attachment":[{"href":"https:\/\/www.feld32.de\/en\/wp-json\/wp\/v2\/media?parent=138"}],"curies":[{"name":"wp","href":"https:\/\/api.w.org\/{rel}","templated":true}]}}