{"id":140,"date":"2024-12-11T15:35:40","date_gmt":"2024-12-11T14:35:40","guid":{"rendered":"https:\/\/feld32.wedeon.it\/?page_id=140"},"modified":"2025-06-27T15:26:46","modified_gmt":"2025-06-27T13:26:46","slug":"chemiebranche","status":"publish","type":"page","link":"https:\/\/www.feld32.de\/en\/chemiebranche\/","title":{"rendered":"Chemical industry"},"content":{"rendered":"<div>Kompetenz<\/div>\n<div>\n<p>Fundierte Branchenkompetenz ist f\u00fcr uns unverzichtbar f\u00fcr die Qualit\u00e4t und den Erfolg einer Direktsuche. Um die Branchenanforderungen und Positionsinhalte zu verstehen und vermitteln zu k\u00f6nnen, ist Fachwissen entscheidend. Kunden und angesprochene Personen erwarten zu Recht ein entsprechendes Niveau der Direktansprache.<\/p>\n<\/div>\n<h1>Personalberatung Chemiebranche<\/h1>\n<h2>Chemiebranche<\/h2>\n<div>\n<p>Mit mehr als 20 Jahren in der Chemieindustrie verstehen wir die Herausforderungen der Unternehmen in der Branche: den wachsenden internationalen Innovations- und Wettbewerbsdruck, steigenden Nachhaltigkeitsanforderungen und immer strengeren regulatorischen Vorgaben. Hinzu kommt der bestehende Fachkr\u00e4ftemangel, der die Unternehmen vor allem in der Chemieindustrie zunehmend unter Druck setzt. Dieser Mangel wird u.a. durch die hohen Anforderungen an die individuellen Fachkenntnisse, den demografischen Wandel und den damit verbundenen Verlust von erfahrenen Experten und Expertinnen f\u00fcr diese hochspezialisierte Branche beschleunigt.<\/p>\n<p>Durch unser Rekrutierungs-Know-how und unsere fundierte, langj\u00e4hrige Erfahrung in der Chemiebranche helfen wir unseren Kunden dabei, die vakanten Schl\u00fcsselpositionen mit hochqualifizierten Fach- und F\u00fchrungskr\u00e4ften erfolgreich zu besetzen.<\/p>\n<\/div>\n<h2>Executive Search<\/h2>\n<div>\n<p>Executive Search, die Direktansprache, ist das Instrument, das ein strukturiertes und gezieltes Vorgehen erlaubt. Keine andere Methode im Recruiting generiert vergleichbare Quoten. Faktoren wie Gl\u00fcck und reine Quantit\u00e4t, die bei anderen Methoden im Recruiting dominieren, werden durch ein strukturiertes Vorgehen und Qualit\u00e4t ersetzt.<\/p>\n<\/div>\n<p><p>\n        <a href=\"\/kontakt\/\">Jetzt kontaktieren<\/a>\n    <\/p>\n<\/p>\n<p><!--more--><br \/>\n<!-- {\"type\":\"layout\",\"children\":[{\"name\":\"Hero\",\"type\":\"section\",\"props\":{\"header_transparent\":true,\"header_transparent_noplaceholder\":true,\"header_transparent_text_color\":\"light\",\"image\":\"wp-content\\\/uploads\\\/2025\\\/01\\\/feld32-chemiebranche-hero.webp\",\"image_effect\":\"parallax\",\"image_height\":\"1440\",\"image_loading\":true,\"image_parallax_bgy\":\"-60,160\",\"image_parallax_easing\":\"1\",\"image_position\":\"center-left\",\"image_width\":\"2560\",\"media_overlay\":\"rgba(22, 22, 22, 0.85)\",\"padding\":\"xlarge\",\"style\":\"secondary\",\"title_breakpoint\":\"xl\",\"title_position\":\"top-left\",\"title_rotation\":\"left\",\"vertical_align\":\"\",\"width\":\"\"},\"children\":[{\"type\":\"row\",\"props\":{\"column_gap\":\"large\",\"layout\":\"1-2,1-2\",\"row_gap\":\"large\",\"width\":\"large\"},\"children\":[{\"type\":\"column\",\"props\":{\"image_position\":\"center-center\",\"position_sticky_breakpoint\":\"m\",\"width_xlarge\":\"1-2\"},\"children\":[{\"type\":\"headline\",\"props\":{\"animation\":\"parallax\",\"content\":\"Kompetenz\",\"parallax_easing\":\"1\",\"parallax_end\":\"10vh + 10%\",\"parallax_opacity\":\"1,0\",\"parallax_y\":\"0,-40\",\"text_align\":\"left\",\"text_align_breakpoint\":\"m\",\"text_align_fallback\":\"center\",\"title_element\":\"div\",\"title_style\":\"heading-medium\"}}]},{\"type\":\"column\",\"props\":{\"image_position\":\"center-center\",\"position_sticky_breakpoint\":\"m\",\"vertical_align\":\"middle\",\"width_xlarge\":\"1-2\"},\"children\":[{\"type\":\"text\",\"props\":{\"animation\":\"parallax\",\"column_breakpoint\":\"m\",\"content\":\"\n\n<p>Fundierte Branchenkompetenz ist f\\u00fcr uns unverzichtbar f\\u00fcr die Qualit\\u00e4t und den Erfolg einer Direktsuche. Um die Branchenanforderungen und Positionsinhalte zu verstehen und vermitteln zu k\\u00f6nnen, ist Fachwissen entscheidend. Kunden und angesprochene Personen erwarten zu Recht ein entsprechendes Niveau der Direktansprache.<\\\/p>\",\"margin\":\"default\",\"parallax_easing\":\"1\",\"parallax_end\":\"10vh + 10%\",\"parallax_opacity\":\"1,0\",\"parallax_y\":\"0,-20\",\"text_align\":\"left\",\"text_align_breakpoint\":\"m\",\"text_align_fallback\":\"center\",\"text_style\":\"large\"}}]}]}]},{\"name\":\"Unsere Leistungen\",\"type\":\"section\",\"props\":{\"height_viewport\":false,\"id\":\"our-services\",\"image\":\"wp-content\\\/uploads\\\/2025\\\/02\\\/Chemiefeld32-.svg\",\"image_effect\":\"parallax\",\"image_parallax_bgx\":\"500\",\"image_parallax_bgy\":\"160,370\",\"image_parallax_breakpoint\":\"m\",\"image_parallax_easing\":\"1\",\"image_position\":\"top-left\",\"image_width\":1400,\"media_focal_point\":\"top-left\",\"media_visibility\":\"m\",\"padding\":\"xlarge\",\"padding_remove_top\":false,\"style\":\"default\",\"title_breakpoint\":\"xl\",\"title_position\":\"top-left\",\"title_rotation\":\"left\",\"vertical_align\":\"\",\"width\":\"large\"},\"children\":[{\"type\":\"row\",\"props\":{\"layout\":\"1-2,1-2\",\"margin\":\"large\"},\"children\":[{\"type\":\"column\",\"props\":{\"image_effect\":\"parallax\",\"image_parallax_bgx\":\"-500\",\"image_position\":\"center-left\",\"media_visibility\":\"m\",\"position_sticky_breakpoint\":\"m\",\"width_medium\":\"1-2\"},\"children\":[{\"type\":\"headline\",\"props\":{\"content\":\"Personalberatung Chemiebranche\",\"title_element\":\"h1\",\"title_style\":\"h5\"}},{\"type\":\"headline\",\"props\":{\"animation\":\"none\",\"content\":\"Chemiebranche\",\"parallax_opacity\":\"0.2,1\",\"text_align\":\"left\",\"text_align_breakpoint\":\"s\",\"text_align_fallback\":\"center\",\"title_element\":\"h2\",\"title_style\":\"heading-medium\"}},{\"type\":\"text\",\"props\":{\"column_breakpoint\":\"m\",\"content\":\"\n\n<p>Mit mehr als 20 Jahren in der Chemieindustrie verstehen wir die Herausforderungen der Unternehmen in der Branche: den wachsenden internationalen Innovations- und Wettbewerbsdruck, steigenden Nachhaltigkeitsanforderungen und immer strengeren regulatorischen Vorgaben. Hinzu kommt der bestehende Fachkr\\u00e4ftemangel, der die Unternehmen vor allem in der Chemieindustrie zunehmend unter Druck setzt. Dieser Mangel wird u.a. durch die hohen Anforderungen an die individuellen Fachkenntnisse, den demografischen Wandel und den damit verbundenen Verlust von erfahrenen Experten und Expertinnen f\\u00fcr diese hochspezialisierte Branche beschleunigt.<\\\/p>\\n\n\n<p>Durch unser Rekrutierungs-Know-how und unsere fundierte, langj\\u00e4hrige Erfahrung in der Chemiebranche helfen wir unseren Kunden dabei, die vakanten Schl\\u00fcsselpositionen mit hochqualifizierten Fach- und F\\u00fchrungskr\\u00e4ften erfolgreich zu besetzen.<\\\/p>\",\"margin\":\"default\"}}]},{\"type\":\"column\",\"props\":{\"image_position\":\"center-center\",\"position_sticky_breakpoint\":\"m\",\"width_medium\":\"1-2\"}}]}]},{\"name\":\"CTA 01\",\"type\":\"section\",\"props\":{\"image\":\"wp-content\\\/uploads\\\/2024\\\/12\\\/feld32-startseite-parallax.webp\",\"image_effect\":\"parallax\",\"image_parallax_bgx\":\",\",\"image_parallax_bgy\":\"500\",\"image_parallax_easing\":\"0\",\"image_position\":\"center-left\",\"media_overlay\":\"rgba(22, 22, 22, 0.78)\",\"padding\":\"xlarge\",\"style\":\"secondary\",\"title_breakpoint\":\"xl\",\"title_position\":\"top-left\",\"title_rotation\":\"left\",\"vertical_align\":\"\",\"width\":\"\"},\"children\":[{\"type\":\"row\",\"props\":{\"layout\":\"1-2,1-2\",\"margin\":\"xlarge\",\"width\":\"large\"},\"children\":[{\"type\":\"column\",\"props\":{\"image_position\":\"center-center\",\"position_sticky_breakpoint\":\"m\",\"vertical_align\":\"middle\",\"width_medium\":\"1-2\"}},{\"type\":\"column\",\"props\":{\"image\":\"wp-content\\\/uploads\\\/home-about-texture.svg\",\"image_position\":\"center-right\",\"position_sticky_breakpoint\":\"m\",\"vertical_align\":\"middle\",\"width_medium\":\"1-2\"},\"children\":[{\"type\":\"headline\",\"props\":{\"animation\":\"parallax\",\"content\":\"Executive Search\",\"parallax_easing\":\"1\",\"parallax_end\":\"70vh + 70%\",\"parallax_opacity\":\"0,1\",\"text_align\":\"left\",\"text_align_breakpoint\":\"m\",\"text_align_fallback\":\"center\",\"title_element\":\"h2\",\"title_style\":\"heading-medium\"}},{\"type\":\"text\",\"props\":{\"column_breakpoint\":\"m\",\"content\":\"\n\n<p>Executive Search, die Direktansprache, ist das Instrument, das ein strukturiertes und gezieltes Vorgehen erlaubt. Keine andere Methode im Recruiting generiert vergleichbare Quoten. Faktoren wie Gl\\u00fcck und reine Quantit\\u00e4t, die bei anderen Methoden im Recruiting dominieren, werden durch ein strukturiertes Vorgehen und Qualit\\u00e4t ersetzt.<\\\/p>\",\"margin\":\"default\"}},{\"type\":\"button\",\"props\":{\"grid_column_gap\":\"small\",\"grid_row_gap\":\"small\",\"margin\":\"large\"},\"children\":[{\"type\":\"button_item\",\"props\":{\"button_style\":\"primary\",\"content\":\"Jetzt kontaktieren\",\"dialog_layout\":\"modal\",\"dialog_offcanvas_flip\":true,\"icon\":\"arrow-right\",\"icon_align\":\"right\",\"link\":\"kontakt\\\/\"}}]}]}]}]}],\"version\":\"4.5.20\",\"yooessentialsVersion\":\"2.3.12\"} --><\/p>\n","protected":false},"excerpt":{"rendered":"<p>Kompetenz Fundierte Branchenkompetenz ist f\u00fcr uns unverzichtbar f\u00fcr die Qualit\u00e4t und den Erfolg einer Direktsuche. Um die Branchenanforderungen und Positionsinhalte zu verstehen und vermitteln zu k\u00f6nnen, ist Fachwissen entscheidend. Kunden und angesprochene Personen erwarten zu Recht ein entsprechendes Niveau der Direktansprache. Personalberatung Chemiebranche Chemiebranche Mit mehr als 20 Jahren in der Chemieindustrie verstehen wir die [&hellip;]<\/p>\n","protected":false},"author":1,"featured_media":0,"parent":0,"menu_order":0,"comment_status":"closed","ping_status":"closed","template":"","meta":{"footnotes":""},"class_list":["post-140","page","type-page","status-publish","hentry"],"_links":{"self":[{"href":"https:\/\/www.feld32.de\/en\/wp-json\/wp\/v2\/pages\/140","targetHints":{"allow":["GET"]}}],"collection":[{"href":"https:\/\/www.feld32.de\/en\/wp-json\/wp\/v2\/pages"}],"about":[{"href":"https:\/\/www.feld32.de\/en\/wp-json\/wp\/v2\/types\/page"}],"author":[{"embeddable":true,"href":"https:\/\/www.feld32.de\/en\/wp-json\/wp\/v2\/users\/1"}],"replies":[{"embeddable":true,"href":"https:\/\/www.feld32.de\/en\/wp-json\/wp\/v2\/comments?post=140"}],"version-history":[{"count":10,"href":"https:\/\/www.feld32.de\/en\/wp-json\/wp\/v2\/pages\/140\/revisions"}],"predecessor-version":[{"id":703,"href":"https:\/\/www.feld32.de\/en\/wp-json\/wp\/v2\/pages\/140\/revisions\/703"}],"wp:attachment":[{"href":"https:\/\/www.feld32.de\/en\/wp-json\/wp\/v2\/media?parent=140"}],"curies":[{"name":"wp","href":"https:\/\/api.w.org\/{rel}","templated":true}]}}