{"id":142,"date":"2024-12-11T15:35:48","date_gmt":"2024-12-11T14:35:48","guid":{"rendered":"https:\/\/feld32.wedeon.it\/?page_id=142"},"modified":"2025-05-29T14:31:33","modified_gmt":"2025-05-29T12:31:33","slug":"ueber-uns","status":"publish","type":"page","link":"https:\/\/www.feld32.de\/en\/ueber-uns\/","title":{"rendered":"About us"},"content":{"rendered":"<h1>Wir sind Feld32<\/h1>\n<ul>\n<li>\n<p>        <img decoding=\"async\" src=\"\/wp-content\/uploads\/2025\/05\/MM1_3414-removebg-scaled.png\" alt=\"\"><\/p>\n<div>Michael Marsch<\/div>\n<\/li>\n<li>\n<p>        <img decoding=\"async\" src=\"\/wp-content\/uploads\/2025\/05\/MM1_3423-removebg-scaled.png\" alt=\"\"><\/p>\n<div>Paulina Marsch<\/div>\n<\/li>\n<\/ul>\n<div>\n<p>Durch mehr als 20 Jahre Erfahrung in operativer T\u00e4tigkeit in unseren Kernbranchen und im Recruiting bringen wir die notwendigen Erfahrungen mit, die f\u00fcr eine erfolgreiche Direktansprache notwendig sind. Wir k\u00f6nnen die Bed\u00fcrfnisse der Unternehmen aber auch der Menschen dahinter verstehen und somit erstklassige Ergebnisse in unseren <a href=\"https:\/\/www.feld32.de\/leistungen\/\">vier Handlungsfelder<\/a> liefern.<\/p>\n<\/div>\n<h2>Referenzen<\/h2>\n<div>Gerne nennen wir Referenzen mit pers\u00f6nlichen Ansprechpartnern, die \u00fcber unser Vorgehen und unsere Leistungen berichten k\u00f6nnen. <\/div>\n<p><p>\n        <a href=\"\/kontakt\/\">Jetzt kontaktieren<\/a>\n    <\/p>\n<\/p>\n<h2>Executive Search<\/h2>\n<div>Executive Search, die Direktansprache, ist das Instrument, das ein strukturiertes und gezieltes vorgehen erlaubt. Keine andere Methode im Recruiting generiert vergleichbare Quoten. Faktoren wie Gl\u00fcck und reine Quantit\u00e4t, die bei anderen Methoden im Recruiting dominieren, werden durch ein strukturiertes Vorgehen und Qualit\u00e4t ersetzt.<\/div>\n<p><p>\n        <a href=\"\/kontakt\/\">Jetzt kontaktieren<\/a>\n    <\/p>\n<\/p>\n<p><!--more--><br \/>\n<!-- {\"type\":\"layout\",\"children\":[{\"name\":\"Team\",\"type\":\"section\",\"props\":{\"header_transparent\":true,\"header_transparent_text_color\":\"light\",\"image\":\"wp-content\\\/uploads\\\/about-us-team.jpg\",\"image_effect\":\"fixed\",\"image_parallax_bgy\":\"-130,190\",\"image_position\":\"top-center\",\"image_size\":\"cover\",\"image_width\":\"2560\",\"padding\":\"xlarge\",\"preserve_color\":false,\"style\":\"secondary\",\"title_breakpoint\":\"xl\",\"title_position\":\"top-left\",\"title_rotation\":\"left\",\"vertical_align\":\"\",\"width\":\"large\"},\"children\":[{\"type\":\"row\",\"props\":{\"margin\":\"xlarge\"},\"children\":[{\"type\":\"column\",\"props\":{\"image_position\":\"center-center\",\"position_sticky_breakpoint\":\"m\",\"width_medium\":\"1-1\"},\"children\":[{\"type\":\"headline\",\"props\":{\"animation\":\"parallax\",\"content\":\"Wir sind Feld32\",\"parallax_easing\":\"1\",\"parallax_opacity\":\"1,0\",\"parallax_y\":\"0,20\",\"text_align\":\"center\",\"title_element\":\"h1\",\"title_style\":\"heading-large\"}}]}]},{\"type\":\"row\",\"props\":{\"margin\":\"xlarge\"},\"children\":[{\"type\":\"column\",\"props\":{\"image_position\":\"center-center\",\"position_sticky_breakpoint\":\"m\",\"width_medium\":\"1-1\"},\"children\":[{\"type\":\"gallery\",\"props\":{\"animation\":\"parallax\",\"content_display\":\"lightbox\",\"filter_align\":\"left\",\"filter_all\":true,\"filter_grid_breakpoint\":\"m\",\"filter_grid_width\":\"auto\",\"filter_position\":\"top\",\"filter_style\":\"tab\",\"grid_column_gap\":\"large\",\"grid_default\":\"1\",\"grid_medium\":\"2\",\"grid_parallax\":420,\"grid_parallax_y\":420,\"grid_row_gap\":\"large\",\"image_box_shadow\":\"large\",\"image_hover_box_shadow\":\"xlarge\",\"image_loading\":true,\"image_orientation\":true,\"image_width\":\"920\",\"item_animation\":true,\"lightbox\":false,\"lightbox_bg_close\":true,\"link_style\":\"default\",\"link_text\":\"\",\"margin\":\"default\",\"meta_align\":\"below-title\",\"meta_element\":\"div\",\"meta_margin\":\"remove\",\"meta_style\":\"\",\"overlay_hover\":false,\"overlay_link\":true,\"overlay_mode\":\"cover\",\"overlay_position\":\"bottom-left\",\"overlay_style\":\"\",\"overlay_transition\":\"fade\",\"parallax_easing\":\"1\",\"parallax_opacity\":\"1,0\",\"show_content\":true,\"show_hover_image\":true,\"show_hover_video\":true,\"show_link\":true,\"show_meta\":true,\"show_title\":true,\"text_align\":\"\",\"text_align_breakpoint\":\"m\",\"text_align_fallback\":\"center\",\"text_color\":\"light\",\"title_element\":\"div\",\"title_hover_style\":\"reset\",\"title_style\":\"h3\"},\"children\":[{\"type\":\"gallery_item\",\"props\":{\"content\":\"\",\"image\":\"wp-content\\\/uploads\\\/2025\\\/05\\\/MM1_3414-removebg-scaled.png\",\"media_background\":\"rgba(0, 0, 0, 0.02)\",\"media_blend_mode\":\"color\",\"meta\":\"\",\"title\":\"Michael Marsch\"}},{\"type\":\"gallery_item\",\"props\":{\"content\":\"\",\"image\":\"wp-content\\\/uploads\\\/2025\\\/05\\\/MM1_3423-removebg-scaled.png\",\"meta\":\"\",\"title\":\"Paulina Marsch\"}}]}]}]},{\"type\":\"row\",\"props\":{\"column_gap\":\"large\",\"layout\":\"1-3,1-3,1-3\",\"margin\":\"xlarge\",\"row_gap\":\"large\"},\"children\":[{\"type\":\"column\",\"props\":{\"image_position\":\"center-center\",\"position_sticky_breakpoint\":\"m\",\"width_medium\":\"1-3\"},\"children\":[{\"type\":\"divider\",\"props\":{\"animation\":\"parallax\",\"divider_align\":\"left\",\"divider_align_breakpoint\":\"m\",\"divider_align_fallback\":\"center\",\"divider_element\":\"div\",\"divider_style\":\"small\",\"parallax_easing\":\"1\",\"parallax_end\":\"70vh + 70%\",\"parallax_opacity\":\"0.3,1\",\"parallax_y\":\"50,0\"}},{\"type\":\"text\",\"props\":{\"column_breakpoint\":\"m\",\"content\":\"\n\n<p>Durch mehr als 20 Jahre Erfahrung in operativer T\\u00e4tigkeit in unseren Kernbranchen und im Recruiting bringen wir die notwendigen Erfahrungen mit, die f\\u00fcr eine erfolgreiche Direktansprache notwendig sind. Wir k\\u00f6nnen die Bed\\u00fcrfnisse der Unternehmen aber auch der Menschen dahinter verstehen und somit erstklassige Ergebnisse in unseren <a href=\\\"https:\\\/\\\/www.feld32.de\\\/leistungen\\\/\\\">vier Handlungsfelder<\\\/a> liefern.<\\\/p>\",\"margin\":\"default\"}}]},{\"type\":\"column\",\"props\":{\"image_position\":\"center-center\",\"position_sticky_breakpoint\":\"m\",\"width_medium\":\"1-3\"}},{\"type\":\"column\",\"props\":{\"image_position\":\"center-center\",\"position_sticky_breakpoint\":\"m\",\"width_medium\":\"1-3\"}}]}]},{\"name\":\"Clients\",\"type\":\"section\",\"props\":{\"image_effect\":\"parallax\",\"image_parallax_bgx\":\"180,180\",\"image_parallax_bgy\":\"-20,30\",\"image_parallax_easing\":\"1\",\"image_position\":\"center-left\",\"padding\":\"xlarge\",\"style\":\"default\",\"title_breakpoint\":\"xl\",\"title_position\":\"top-left\",\"title_rotation\":\"left\",\"vertical_align\":\"\",\"width\":\"large\"},\"children\":[{\"type\":\"row\",\"children\":[{\"type\":\"column\",\"props\":{\"image_position\":\"center-center\",\"position_sticky_breakpoint\":\"m\",\"width_medium\":\"1-1\"},\"children\":[{\"type\":\"headline\",\"props\":{\"animation\":\"parallax\",\"content\":\"Referenzen\",\"parallax_easing\":\"1\",\"parallax_end\":\"70vh + 70%\",\"parallax_opacity\":\"0.4,1\",\"parallax_y\":\"20,0\",\"text_align\":\"center\",\"title_element\":\"h2\",\"title_style\":\"heading-small\"}},{\"type\":\"text\",\"props\":{\"column_breakpoint\":\"m\",\"content\":\"Gerne nennen wir Referenzen mit pers\\u00f6nlichen Ansprechpartnern, die \\u00fcber unser Vorgehen und unsere Leistungen berichten k\\u00f6nnen. \",\"margin\":\"default\",\"text_align\":\"center\"}},{\"type\":\"button\",\"props\":{\"grid_column_gap\":\"small\",\"grid_row_gap\":\"small\",\"margin\":\"default\",\"text_align\":\"center\"},\"children\":[{\"type\":\"button_item\",\"props\":{\"button_style\":\"secondary\",\"content\":\"Jetzt kontaktieren\",\"dialog_layout\":\"modal\",\"dialog_offcanvas_flip\":true,\"icon\":\"arrow-right\",\"icon_align\":\"right\",\"link\":\"kontakt\\\/\"}}]}]}]}]},{\"name\":\"CTA 01\",\"type\":\"section\",\"props\":{\"image\":\"wp-content\\\/uploads\\\/2024\\\/12\\\/feld32-startseite-parallax.webp\",\"image_effect\":\"parallax\",\"image_parallax_bgx\":\",\",\"image_parallax_bgy\":\"500\",\"image_parallax_easing\":\"0\",\"image_position\":\"center-left\",\"media_overlay\":\"rgba(22, 22, 22, 0.78)\",\"padding\":\"xlarge\",\"style\":\"secondary\",\"title_breakpoint\":\"xl\",\"title_position\":\"top-left\",\"title_rotation\":\"left\",\"vertical_align\":\"\",\"width\":\"\"},\"children\":[{\"type\":\"row\",\"props\":{\"layout\":\"1-2,1-2\",\"margin\":\"xlarge\",\"width\":\"large\"},\"children\":[{\"type\":\"column\",\"props\":{\"image_position\":\"center-center\",\"position_sticky_breakpoint\":\"m\",\"vertical_align\":\"middle\",\"width_medium\":\"1-2\"}},{\"type\":\"column\",\"props\":{\"image\":\"wp-content\\\/uploads\\\/home-about-texture.svg\",\"image_position\":\"center-right\",\"position_sticky_breakpoint\":\"m\",\"vertical_align\":\"middle\",\"width_medium\":\"1-2\"},\"children\":[{\"type\":\"headline\",\"props\":{\"animation\":\"parallax\",\"content\":\"Executive Search\",\"parallax_easing\":\"1\",\"parallax_end\":\"70vh + 70%\",\"parallax_opacity\":\"0,1\",\"text_align\":\"left\",\"text_align_breakpoint\":\"m\",\"text_align_fallback\":\"center\",\"title_element\":\"h2\",\"title_style\":\"heading-medium\"}},{\"type\":\"text\",\"props\":{\"column_breakpoint\":\"m\",\"content\":\"Executive Search, die Direktansprache, ist das Instrument, das ein strukturiertes und gezieltes vorgehen erlaubt. Keine andere Methode im Recruiting generiert vergleichbare Quoten. Faktoren wie Gl\\u00fcck und reine Quantit\\u00e4t, die bei anderen Methoden im Recruiting dominieren, werden durch ein strukturiertes Vorgehen und Qualit\\u00e4t ersetzt.\",\"margin\":\"default\"}},{\"type\":\"button\",\"props\":{\"grid_column_gap\":\"small\",\"grid_row_gap\":\"small\",\"margin\":\"large\"},\"children\":[{\"type\":\"button_item\",\"props\":{\"button_style\":\"primary\",\"content\":\"Jetzt kontaktieren\",\"dialog_layout\":\"modal\",\"dialog_offcanvas_flip\":true,\"icon\":\"arrow-right\",\"icon_align\":\"right\",\"link\":\"kontakt\\\/\"}}]}]}]}]}],\"version\":\"4.5.17\",\"yooessentialsVersion\":\"2.3.12\"} --><\/p>\n","protected":false},"excerpt":{"rendered":"<p>Wir sind Feld32 Michael Marsch Paulina Marsch Durch mehr als 20 Jahre Erfahrung in operativer T\u00e4tigkeit in unseren Kernbranchen und im Recruiting bringen wir die notwendigen Erfahrungen mit, die f\u00fcr eine erfolgreiche Direktansprache notwendig sind. Wir k\u00f6nnen die Bed\u00fcrfnisse der Unternehmen aber auch der Menschen dahinter verstehen und somit erstklassige Ergebnisse in unseren vier Handlungsfelder [&hellip;]<\/p>\n","protected":false},"author":1,"featured_media":0,"parent":0,"menu_order":0,"comment_status":"closed","ping_status":"closed","template":"","meta":{"footnotes":""},"class_list":["post-142","page","type-page","status-publish","hentry"],"_links":{"self":[{"href":"https:\/\/www.feld32.de\/en\/wp-json\/wp\/v2\/pages\/142","targetHints":{"allow":["GET"]}}],"collection":[{"href":"https:\/\/www.feld32.de\/en\/wp-json\/wp\/v2\/pages"}],"about":[{"href":"https:\/\/www.feld32.de\/en\/wp-json\/wp\/v2\/types\/page"}],"author":[{"embeddable":true,"href":"https:\/\/www.feld32.de\/en\/wp-json\/wp\/v2\/users\/1"}],"replies":[{"embeddable":true,"href":"https:\/\/www.feld32.de\/en\/wp-json\/wp\/v2\/comments?post=142"}],"version-history":[{"count":10,"href":"https:\/\/www.feld32.de\/en\/wp-json\/wp\/v2\/pages\/142\/revisions"}],"predecessor-version":[{"id":656,"href":"https:\/\/www.feld32.de\/en\/wp-json\/wp\/v2\/pages\/142\/revisions\/656"}],"wp:attachment":[{"href":"https:\/\/www.feld32.de\/en\/wp-json\/wp\/v2\/media?parent=142"}],"curies":[{"name":"wp","href":"https:\/\/api.w.org\/{rel}","templated":true}]}}