{"id":146,"date":"2024-12-11T15:36:16","date_gmt":"2024-12-11T14:36:16","guid":{"rendered":"https:\/\/feld32.wedeon.it\/?page_id=146"},"modified":"2025-05-28T12:40:12","modified_gmt":"2025-05-28T10:40:12","slug":"blog","status":"publish","type":"page","link":"https:\/\/www.feld32.de\/en\/blog\/","title":{"rendered":"Blog"},"content":{"rendered":"<h1>Blickwinkel<\/h1>\n<div>\n<p>In den von uns betreuten Branchen gibt es Themen und Entwicklungen, bei denen es sich lohnt etwas genauer hinzuschauen. An dieser Stelle werden wir diesen Themen ein wenig Raum geben und unsere Gedanken dazu niederschreiben. Dabei lassen wir gerne augenzwinkernd eine Prise pers\u00f6nliche Meinung einflie\u00dfen.<\/p>\n<\/div>\n<h2>Blog<\/h2>\n<div>\n<p>Es gibt Themen, die ben\u00f6tigen oftmals eine etwas genauere Betrachtung, bzw. sie sind es wert, auch andere Blickwinkel zuzulassen.<\/p>\n<\/div>\n<p><!--more--><br \/>\n<!-- {\"type\":\"layout\",\"children\":[{\"name\":\"Hero\",\"type\":\"section\",\"props\":{\"header_transparent\":true,\"header_transparent_noplaceholder\":true,\"header_transparent_text_color\":\"light\",\"image\":\"wp-content\\\/uploads\\\/services-hero.jpg\",\"image_effect\":\"parallax\",\"image_height\":\"1440\",\"image_loading\":true,\"image_parallax_bgy\":\"-60,160\",\"image_parallax_easing\":\"1\",\"image_position\":\"center-center\",\"image_width\":\"2560\",\"padding\":\"xlarge\",\"style\":\"secondary\",\"title_breakpoint\":\"xl\",\"title_position\":\"top-left\",\"title_rotation\":\"left\",\"vertical_align\":\"\",\"width\":\"\"},\"children\":[{\"type\":\"row\",\"props\":{\"column_gap\":\"large\",\"layout\":\"1-2,1-2\",\"row_gap\":\"large\",\"width\":\"large\"},\"children\":[{\"type\":\"column\",\"props\":{\"image_position\":\"center-center\",\"position_sticky_breakpoint\":\"m\",\"width_xlarge\":\"1-2\"},\"children\":[{\"type\":\"headline\",\"props\":{\"animation\":\"parallax\",\"content\":\"Blickwinkel\",\"parallax_easing\":\"1\",\"parallax_end\":\"10vh + 10%\",\"parallax_opacity\":\"1,0\",\"parallax_y\":\"0,-40\",\"text_align\":\"left\",\"text_align_breakpoint\":\"m\",\"text_align_fallback\":\"center\",\"title_element\":\"h1\",\"title_style\":\"heading-medium\"}}]},{\"type\":\"column\",\"props\":{\"image_position\":\"center-center\",\"position_sticky_breakpoint\":\"m\",\"vertical_align\":\"middle\",\"width_xlarge\":\"1-2\"},\"children\":[{\"type\":\"text\",\"props\":{\"animation\":\"parallax\",\"column_breakpoint\":\"m\",\"content\":\"\n\n<p>In den von uns betreuten Branchen gibt es Themen und Entwicklungen, bei denen es sich lohnt etwas genauer hinzuschauen. An dieser Stelle werden wir diesen Themen ein wenig Raum geben und unsere Gedanken dazu niederschreiben. Dabei lassen wir gerne augenzwinkernd eine Prise pers\\u00f6nliche Meinung einflie\\u00dfen.<\\\/p>\",\"margin\":\"default\",\"parallax_easing\":\"1\",\"parallax_end\":\"10vh + 10%\",\"parallax_opacity\":\"1,0\",\"parallax_y\":\"0,-20\",\"text_align\":\"left\",\"text_align_breakpoint\":\"m\",\"text_align_fallback\":\"center\",\"text_style\":\"large\"}}]}]}]},{\"name\":\"Unsere Leistungen\",\"type\":\"section\",\"props\":{\"height_viewport\":false,\"id\":\"our-services\",\"image\":\"wp-content\\\/uploads\\\/2025\\\/02\\\/Blogfeld32-.svg\",\"image_effect\":\"parallax\",\"image_parallax_bgx\":\"500\",\"image_parallax_bgy\":\"160,280\",\"image_parallax_breakpoint\":\"m\",\"image_parallax_easing\":\"1\",\"image_position\":\"top-left\",\"image_width\":1450,\"media_focal_point\":\"top-left\",\"media_visibility\":\"m\",\"padding\":\"xlarge\",\"padding_remove_top\":false,\"style\":\"default\",\"title_breakpoint\":\"xl\",\"title_position\":\"top-left\",\"title_rotation\":\"left\",\"vertical_align\":\"\",\"width\":\"large\"},\"children\":[{\"type\":\"row\",\"props\":{\"layout\":\"1-2,1-2\",\"margin\":\"large\"},\"children\":[{\"type\":\"column\",\"props\":{\"image_effect\":\"parallax\",\"image_parallax_bgx\":\"-500\",\"image_position\":\"center-left\",\"media_visibility\":\"m\",\"position_sticky_breakpoint\":\"m\",\"width_medium\":\"1-2\"},\"children\":[{\"type\":\"headline\",\"props\":{\"animation\":\"none\",\"content\":\"Blog\",\"parallax_opacity\":\"0.2,1\",\"text_align\":\"left\",\"text_align_breakpoint\":\"s\",\"text_align_fallback\":\"center\",\"title_element\":\"h2\",\"title_style\":\"heading-medium\"}},{\"type\":\"text\",\"props\":{\"column_breakpoint\":\"m\",\"content\":\"\n\n<p>Es gibt Themen, die ben\\u00f6tigen oftmals eine etwas genauere Betrachtung, bzw. sie sind es wert, auch andere Blickwinkel zuzulassen.<\\\/p>\",\"margin\":\"default\"}}]},{\"type\":\"column\",\"props\":{\"image_position\":\"center-center\",\"position_sticky_breakpoint\":\"m\",\"width_medium\":\"1-2\"}}]}]},{\"type\":\"section\",\"props\":{\"image_position\":\"center-center\",\"status\":\"disabled\",\"style\":\"default\",\"title_breakpoint\":\"xl\",\"title_position\":\"top-left\",\"title_rotation\":\"left\",\"vertical_align\":\"middle\",\"width\":\"large\"},\"children\":[{\"type\":\"row\",\"children\":[{\"type\":\"column\",\"props\":{\"image_position\":\"center-center\",\"position_sticky_breakpoint\":\"m\"},\"children\":[{\"type\":\"grid\",\"props\":{\"content_column_breakpoint\":\"m\",\"filter_align\":\"left\",\"filter_all\":true,\"filter_grid_breakpoint\":\"m\",\"filter_grid_width\":\"auto\",\"filter_position\":\"top\",\"filter_style\":\"tab\",\"grid_default\":\"1\",\"grid_divider\":false,\"grid_medium\":\"3\",\"grid_parallax_justify\":true,\"icon_width\":80,\"image_align\":\"top\",\"image_grid_breakpoint\":\"m\",\"image_grid_width\":\"1-2\",\"image_height\":\"600\",\"image_svg_color\":\"emphasis\",\"image_width\":\"960\",\"item_animation\":true,\"lightbox_bg_close\":true,\"link_aria_label\":\"Hier gehts zum Blogeintrag\",\"link_fullwidth\":false,\"link_style\":\"secondary\",\"link_text\":\"Zum Artikel\",\"margin\":\"default\",\"meta_align\":\"below-title\",\"meta_element\":\"div\",\"meta_style\":\"text-meta\",\"panel_expand\":\"content\",\"show_content\":true,\"show_hover_image\":true,\"show_hover_video\":true,\"show_image\":true,\"show_link\":true,\"show_meta\":true,\"show_title\":true,\"show_video\":true,\"title_align\":\"top\",\"title_element\":\"h3\",\"title_grid_breakpoint\":\"m\",\"title_grid_width\":\"1-2\",\"title_hover_style\":\"reset\",\"title_link\":true,\"title_style\":\"h4\"},\"children\":[{\"type\":\"grid_item\",\"props\":{\"content\":\"Wird durch Digitalisierung und KI die Direktansprache durch Menschen obsolet? Sind massenhafte Ansprachen nicht erfolgreicher als ein m\\u00fchsames Abarbeiten durch ineffiziente Menschen?\",\"image\":\"wp-content\\\/uploads\\\/2025\\\/01\\\/Blog1.png\",\"link\":\"mensch-vs-ki-wenn-der-algorithmus-noch-nicht-genug-ist\\\/\",\"meta\":\"15.01.2025\",\"title\":\"Mensch vs. KI: Wenn der Algorithmus (noch) nicht genug ist\"}}]}]}]}]}],\"version\":\"4.5.17\",\"yooessentialsVersion\":\"2.3.12\"} --><\/p>\n","protected":false},"excerpt":{"rendered":"<p>Blickwinkel In den von uns betreuten Branchen gibt es Themen und Entwicklungen, bei denen es sich lohnt etwas genauer hinzuschauen. An dieser Stelle werden wir diesen Themen ein wenig Raum geben und unsere Gedanken dazu niederschreiben. Dabei lassen wir gerne augenzwinkernd eine Prise pers\u00f6nliche Meinung einflie\u00dfen. Blog Es gibt Themen, die ben\u00f6tigen oftmals eine etwas [&hellip;]<\/p>\n","protected":false},"author":1,"featured_media":0,"parent":0,"menu_order":0,"comment_status":"closed","ping_status":"closed","template":"","meta":{"footnotes":""},"class_list":["post-146","page","type-page","status-publish","hentry"],"_links":{"self":[{"href":"https:\/\/www.feld32.de\/en\/wp-json\/wp\/v2\/pages\/146","targetHints":{"allow":["GET"]}}],"collection":[{"href":"https:\/\/www.feld32.de\/en\/wp-json\/wp\/v2\/pages"}],"about":[{"href":"https:\/\/www.feld32.de\/en\/wp-json\/wp\/v2\/types\/page"}],"author":[{"embeddable":true,"href":"https:\/\/www.feld32.de\/en\/wp-json\/wp\/v2\/users\/1"}],"replies":[{"embeddable":true,"href":"https:\/\/www.feld32.de\/en\/wp-json\/wp\/v2\/comments?post=146"}],"version-history":[{"count":10,"href":"https:\/\/www.feld32.de\/en\/wp-json\/wp\/v2\/pages\/146\/revisions"}],"predecessor-version":[{"id":632,"href":"https:\/\/www.feld32.de\/en\/wp-json\/wp\/v2\/pages\/146\/revisions\/632"}],"wp:attachment":[{"href":"https:\/\/www.feld32.de\/en\/wp-json\/wp\/v2\/media?parent=146"}],"curies":[{"name":"wp","href":"https:\/\/api.w.org\/{rel}","templated":true}]}}