{"id":148,"date":"2024-12-11T15:36:26","date_gmt":"2024-12-11T14:36:26","guid":{"rendered":"https:\/\/feld32.wedeon.it\/?page_id=148"},"modified":"2025-03-03T13:00:02","modified_gmt":"2025-03-03T12:00:02","slug":"kontakt","status":"publish","type":"page","link":"https:\/\/www.feld32.de\/en\/kontakt\/","title":{"rendered":"Contact us"},"content":{"rendered":"<h1>\n<p>Kontakt<\/p>\n<\/h1>\n<div>Eine Website soll einen ersten Eindruck vermitteln. Den pers\u00f6nlichen Austausch kann \/ soll dadurch nicht ersetzt werden. Ob es z.B. Referenzen, spezifische Projekterfahrungen oder schlicht die Menschen hinter der Dienstleistung sind, die es zu erkunden gilt, der pers\u00f6nliche Austausch ist hierf\u00fcr am besten geeignet.<\/div>\n<ul>\n<li>\n<div>FELD32 GmbH &amp; Co. KG<\/div>\n<\/li>\n<li>\n<div>Sch\u00e4ferstra\u00dfe 15<\/div>\n<\/li>\n<li>\n<div>40479 D\u00fcsseldorf<\/div>\n<\/li>\n<li>\n<div>Telefon: <a href=\"tel:004921197263740\">+49 (0) 211 972 637 40<\/a><\/div>\n<\/li>\n<li>\n<div>E-Mail: <a href=\"mailto:kontakt@feld32.de\">kontakt@feld32.de<\/a><\/div>\n<\/li>\n<\/ul>\n<p><!--more--><br \/>\n<!-- {\"type\":\"layout\",\"children\":[{\"name\":\"Hero neu\",\"type\":\"section\",\"props\":{\"header_transparent\":true,\"header_transparent_noplaceholder\":true,\"header_transparent_text_color\":\"light\",\"image\":\"wp-content\\\/uploads\\\/2025\\\/01\\\/feld32-leistungen-hero-neu2.webp\",\"image_effect\":\"parallax\",\"image_height\":\"1440\",\"image_loading\":true,\"image_parallax_bgy\":\"-60,160\",\"image_parallax_easing\":\"1\",\"image_position\":\"center-center\",\"image_width\":\"2560\",\"media_overlay\":\"rgba(22, 22, 22, 0.85)\",\"padding\":\"xlarge\",\"style\":\"secondary\",\"title_breakpoint\":\"xl\",\"title_position\":\"top-left\",\"title_rotation\":\"left\",\"vertical_align\":\"\",\"width\":\"\"},\"children\":[{\"type\":\"row\",\"props\":{\"column_gap\":\"large\",\"layout\":\"1-2,1-2\",\"row_gap\":\"large\",\"vertical_align\":true,\"width\":\"large\"},\"children\":[{\"type\":\"column\",\"props\":{\"image_position\":\"center-center\",\"position_sticky_breakpoint\":\"m\",\"width_xlarge\":\"1-2\"},\"children\":[{\"type\":\"headline\",\"props\":{\"animation\":\"parallax\",\"content\":\"\n\n<p>Kontakt<\\\/p>\",\"parallax_easing\":\"1\",\"parallax_end\":\"10vh + 10%\",\"parallax_opacity\":\"1,0\",\"parallax_y\":\"0,-40\",\"text_align\":\"left\",\"text_align_breakpoint\":\"m\",\"text_align_fallback\":\"center\",\"title_element\":\"h1\",\"title_style\":\"heading-medium\"}}]},{\"type\":\"column\",\"props\":{\"image_position\":\"center-center\",\"position_sticky_breakpoint\":\"m\",\"vertical_align\":\"middle\",\"width_xlarge\":\"1-2\"},\"children\":[{\"type\":\"text\",\"props\":{\"animation\":\"parallax\",\"column_breakpoint\":\"m\",\"content\":\"Eine Website soll einen ersten Eindruck vermitteln. Den pers\\u00f6nlichen Austausch kann \\\/ soll dadurch nicht ersetzt werden. Ob es z.B. Referenzen, spezifische Projekterfahrungen oder schlicht die Menschen hinter der Dienstleistung sind, die es zu erkunden gilt, der pers\\u00f6nliche Austausch ist hierf\\u00fcr am besten geeignet.\",\"margin\":\"default\",\"parallax_easing\":\"1\",\"parallax_end\":\"10vh + 10%\",\"parallax_opacity\":\"1,0\",\"parallax_y\":\"0,-20\",\"text_align\":\"left\",\"text_align_breakpoint\":\"m\",\"text_align_fallback\":\"center\",\"text_style\":\"large\"}}]}]}]},{\"type\":\"section\",\"props\":{\"image_position\":\"center-center\",\"style\":\"default\",\"title_breakpoint\":\"xl\",\"title_position\":\"top-left\",\"title_rotation\":\"left\",\"vertical_align\":\"middle\",\"width\":\"large\"},\"children\":[{\"type\":\"row\",\"children\":[{\"type\":\"column\",\"props\":{\"image_position\":\"center-center\",\"position_sticky_breakpoint\":\"m\"},\"children\":[{\"type\":\"list\",\"props\":{\"column_breakpoint\":\"m\",\"content_style\":\"h3\",\"image_align\":\"left\",\"image_svg_color\":\"emphasis\",\"image_vertical_align\":true,\"list_element\":\"ul\",\"list_horizontal_separator\":\", \",\"list_type\":\"vertical\",\"show_image\":true,\"show_link\":true},\"children\":[{\"type\":\"list_item\",\"props\":{\"content\":\"FELD32 GmbH &amp; Co. KG\"}},{\"type\":\"list_item\",\"props\":{\"content\":\"Sch\\u00e4ferstra\\u00dfe 15\"}},{\"type\":\"list_item\",\"props\":{\"content\":\"40479 D\\u00fcsseldorf\"}},{\"type\":\"list_item\",\"props\":{\"content\":\"Telefon: <a href=\\\"tel:004921197263740\\\">+49 (0) 211 972 637 40<\\\/a>\"}},{\"type\":\"list_item\",\"props\":{\"content\":\"E-Mail: <a href=\\\"mailto:kontakt@feld32.de\\\">kontakt@feld32.de<\\\/a>\"}}]}]}]}]}],\"version\":\"4.4.20\",\"yooessentialsVersion\":\"2.2.31\"} --><\/p>\n","protected":false},"excerpt":{"rendered":"<p>Kontakt Eine Website soll einen ersten Eindruck vermitteln. Den pers\u00f6nlichen Austausch kann \/ soll dadurch nicht ersetzt werden. Ob es z.B. Referenzen, spezifische Projekterfahrungen oder schlicht die Menschen hinter der Dienstleistung sind, die es zu erkunden gilt, der pers\u00f6nliche Austausch ist hierf\u00fcr am besten geeignet. FELD32 GmbH &amp; Co. KG Sch\u00e4ferstra\u00dfe 15 40479 D\u00fcsseldorf Telefon: [&hellip;]<\/p>\n","protected":false},"author":1,"featured_media":0,"parent":0,"menu_order":0,"comment_status":"closed","ping_status":"closed","template":"","meta":{"footnotes":""},"class_list":["post-148","page","type-page","status-publish","hentry"],"_links":{"self":[{"href":"https:\/\/www.feld32.de\/en\/wp-json\/wp\/v2\/pages\/148","targetHints":{"allow":["GET"]}}],"collection":[{"href":"https:\/\/www.feld32.de\/en\/wp-json\/wp\/v2\/pages"}],"about":[{"href":"https:\/\/www.feld32.de\/en\/wp-json\/wp\/v2\/types\/page"}],"author":[{"embeddable":true,"href":"https:\/\/www.feld32.de\/en\/wp-json\/wp\/v2\/users\/1"}],"replies":[{"embeddable":true,"href":"https:\/\/www.feld32.de\/en\/wp-json\/wp\/v2\/comments?post=148"}],"version-history":[{"count":10,"href":"https:\/\/www.feld32.de\/en\/wp-json\/wp\/v2\/pages\/148\/revisions"}],"predecessor-version":[{"id":504,"href":"https:\/\/www.feld32.de\/en\/wp-json\/wp\/v2\/pages\/148\/revisions\/504"}],"wp:attachment":[{"href":"https:\/\/www.feld32.de\/en\/wp-json\/wp\/v2\/media?parent=148"}],"curies":[{"name":"wp","href":"https:\/\/api.w.org\/{rel}","templated":true}]}}