{"id":150,"date":"2024-12-11T15:36:33","date_gmt":"2024-12-11T14:36:33","guid":{"rendered":"https:\/\/feld32.wedeon.it\/?page_id=150"},"modified":"2025-02-11T15:55:32","modified_gmt":"2025-02-11T14:55:32","slug":"impressum","status":"publish","type":"page","link":"https:\/\/www.feld32.de\/en\/impressum\/","title":{"rendered":"Imprint"},"content":{"rendered":"<h1>Impressum<\/h1>\n<div>\n<p>FELD GmbH &amp; Co. KG<br \/>Sch\u00e4ferstr. 15<br \/>40479 D\u00fcsseldorf<\/p>\n<p>Handelsregister: HRA 22135<\/p>\n<p>Registergericht: Amtsgericht D\u00fcsseldorf<\/p>\n<p>Vertreten durch:<br \/>EBS Energy Business Service GmbH (Komplement\u00e4r)\u00a0<br \/>Sch\u00e4ferstr. 15<br \/>40479 D\u00fcsseldorf<\/p>\n<p>Diese vertreten durch:<br \/>Michael Marsch\u00a0<\/p>\n<p>Handelsregister: HRB 67785<\/p>\n<p>Registergericht: Amtsgericht D\u00fcsseldorf<\/p>\n<p>Kontakt<\/p>\n<p>E-Mail: info@e-b-s-gmbh.de<\/p>\n<p>Umsatzsteuer-ID<br \/>Umsatzsteuer-Identifikationsnummer gem\u00e4\u00df \u00a7 27 a Umsatzsteuergesetz: <span>DE283194616<\/span><\/p>\n<\/p>\n<p>Redaktionell verantwortlich<br \/>Michael Marsch<br \/>Sch\u00e4ferstr. 15<br \/>40479 D\u00fcsseldorf<\/p>\n<p>EU-Streitschlichtung<\/p>\n<p>Die Europ\u00e4ische Kommission stellt eine Plattform zur Online-Streitbeilegung (OS) bereit:<br \/>https:\/\/ec.europa.eu\/consumers\/odr\/.<br \/>Unsere E-Mail-Adresse finden Sie oben im Impressum.<br \/>Verbraucherstreitbeilegung\/Universalschlichtungsstelle<\/p>\n<p>Wir sind nicht bereit oder verpflichtet, an Streitbeilegungsverfahren vor einer<br \/>Verbraucherschlichtungsstelle teilzunehmen.<\/p>\n<p>Quelle: e-recht24.de<\/p>\n<\/div>\n<p><!--more--><br \/>\n<!-- {\"type\":\"layout\",\"children\":[{\"type\":\"section\",\"props\":{\"image_position\":\"center-center\",\"style\":\"default\",\"title_breakpoint\":\"xl\",\"title_position\":\"top-left\",\"title_rotation\":\"left\",\"vertical_align\":\"middle\",\"width\":\"default\"},\"children\":[{\"type\":\"row\",\"children\":[{\"type\":\"column\",\"props\":{\"image_position\":\"center-center\",\"position_sticky_breakpoint\":\"m\"},\"children\":[{\"type\":\"headline\",\"props\":{\"content\":\"Impressum\",\"title_element\":\"h1\"}},{\"type\":\"text\",\"props\":{\"column_breakpoint\":\"m\",\"content\":\"\n\n<p>FELD GmbH &amp; Co. KG<br \\\/>Sch\\u00e4ferstr. 15<br \\\/>40479 D\\u00fcsseldorf<\\\/p>\\n\n\n<p>Handelsregister: HRA 22135<\\\/p>\\n\n\n<p>Registergericht: Amtsgericht D\\u00fcsseldorf<\\\/p>\\n\n\n<p>Vertreten durch:<br \\\/>EBS Energy Business Service GmbH (Komplement\\u00e4r)\\u00a0<br \\\/>Sch\\u00e4ferstr. 15<br \\\/>40479 D\\u00fcsseldorf<\\\/p>\\n\n\n<p>Diese vertreten durch:<br \\\/>Michael Marsch\\u00a0<\\\/p>\\n\n\n<p>Handelsregister: HRB 67785<\\\/p>\\n\n\n<p>Registergericht: Amtsgericht D\\u00fcsseldorf<\\\/p>\\n\n\n<p>Kontakt<br \\\/><br \\\/>E-Mail: info@e-b-s-gmbh.de<\\\/p>\\n\n\n<p>Umsatzsteuer-ID<br \\\/>Umsatzsteuer-Identifikationsnummer gem\\u00e4\\u00df \\u00a7 27 a Umsatzsteuergesetz: <span>DE283194616<\\\/span><\\\/p>\\n\n\n<p><\\\/p>\\n\n\n<p>Redaktionell verantwortlich<br \\\/>Michael Marsch<br \\\/>Sch\\u00e4ferstr. 15<br \\\/>40479 D\\u00fcsseldorf<\\\/p>\\n\n\n<p>EU-Streitschlichtung<\\\/p>\\n\n\n<p>Die Europ\\u00e4ische Kommission stellt eine Plattform zur Online-Streitbeilegung (OS) bereit:<br \\\/>https:\\\/\\\/ec.europa.eu\\\/consumers\\\/odr\\\/.<br \\\/>Unsere E-Mail-Adresse finden Sie oben im Impressum.<br \\\/>Verbraucherstreitbeilegung\\\/Universalschlichtungsstelle<\\\/p>\\n\n\n<p>Wir sind nicht bereit oder verpflichtet, an Streitbeilegungsverfahren vor einer<br \\\/>Verbraucherschlichtungsstelle teilzunehmen.<\\\/p>\\n\n\n<p>Quelle: e-recht24.de<br \\\/><br \\\/><\\\/p>\",\"margin\":\"default\"}}]}]}]}],\"version\":\"4.5.3\",\"yooessentialsVersion\":\"2.3.0-rc.1\"} --><\/p>\n","protected":false},"excerpt":{"rendered":"<p>Impressum FELD GmbH &amp; Co. KGSch\u00e4ferstr. 1540479 D\u00fcsseldorf Handelsregister: HRA 22135 Registergericht: Amtsgericht D\u00fcsseldorf Vertreten durch:EBS Energy Business Service GmbH (Komplement\u00e4r)\u00a0Sch\u00e4ferstr. 1540479 D\u00fcsseldorf Diese vertreten durch:Michael Marsch\u00a0 Handelsregister: HRB 67785 Registergericht: Amtsgericht D\u00fcsseldorf Kontakt E-Mail: info@e-b-s-gmbh.de Umsatzsteuer-IDUmsatzsteuer-Identifikationsnummer gem\u00e4\u00df \u00a7 27 a Umsatzsteuergesetz: DE283194616 Redaktionell verantwortlichMichael MarschSch\u00e4ferstr. 1540479 D\u00fcsseldorf EU-Streitschlichtung Die Europ\u00e4ische Kommission stellt eine Plattform [&hellip;]<\/p>\n","protected":false},"author":1,"featured_media":0,"parent":0,"menu_order":0,"comment_status":"closed","ping_status":"closed","template":"","meta":{"footnotes":""},"class_list":["post-150","page","type-page","status-publish","hentry"],"_links":{"self":[{"href":"https:\/\/www.feld32.de\/en\/wp-json\/wp\/v2\/pages\/150","targetHints":{"allow":["GET"]}}],"collection":[{"href":"https:\/\/www.feld32.de\/en\/wp-json\/wp\/v2\/pages"}],"about":[{"href":"https:\/\/www.feld32.de\/en\/wp-json\/wp\/v2\/types\/page"}],"author":[{"embeddable":true,"href":"https:\/\/www.feld32.de\/en\/wp-json\/wp\/v2\/users\/1"}],"replies":[{"embeddable":true,"href":"https:\/\/www.feld32.de\/en\/wp-json\/wp\/v2\/comments?post=150"}],"version-history":[{"count":4,"href":"https:\/\/www.feld32.de\/en\/wp-json\/wp\/v2\/pages\/150\/revisions"}],"predecessor-version":[{"id":594,"href":"https:\/\/www.feld32.de\/en\/wp-json\/wp\/v2\/pages\/150\/revisions\/594"}],"wp:attachment":[{"href":"https:\/\/www.feld32.de\/en\/wp-json\/wp\/v2\/media?parent=150"}],"curies":[{"name":"wp","href":"https:\/\/api.w.org\/{rel}","templated":true}]}}