{"id":620,"date":"2025-05-22T06:09:41","date_gmt":"2025-05-22T04:09:41","guid":{"rendered":"https:\/\/www.feld32.de\/?page_id=620"},"modified":"2025-10-07T08:13:05","modified_gmt":"2025-10-07T06:13:05","slug":"purejob","status":"publish","type":"page","link":"https:\/\/www.feld32.de\/en\/purejob\/","title":{"rendered":"Purejob"},"content":{"rendered":"<h1>purejob<\/h1>\n<div>\n<p>Eine Stellenanzeige ist oftmals das erste Mittel der Wahl, um eine Vakanz zu besetzen. Reichen der Zielgruppe die Informationen in einer Stellenanzeige aus, um eine Bewerbung zu senden?<\/p>\n<\/div>\n<h2>purejob<\/h2>\n<div>\n<p>Eine Stellenausschreibung ist in der Lage, erste Informationen zu einer Vakanz zu vermitteln. Es werden aber mehr Informationen zur Aufgabe und zum Umfeld ben\u00f6tigt, um aus der Deckung der Anonymit\u00e4t zu treten und das eigene Interesse per Bewerbung zu bekunden. Nicht selten wird daher auf das Erstellen und Senden der eigenen Unterlagen verzichtet. pureJobs hilft dabei, wichtige Fragen im Vorfeld zu kl\u00e4ren. Wir sprechen zuerst vertraulich mit Personen aus dem Markt \u00fcber die Vakanz. Wir wollen herausfinden, welche Fragen nach dem Lesen der Stellenbeschreibung bei der Zielgruppe unbeantwortet sind.<\/p>\n<p>Diese Fragen kl\u00e4ren wir mit den f\u00fcr die Position verantwortlichen Personen in einem kurzen Videopodcast, die wir ver\u00f6ffentlichen und bei denen es nur um den purejob geht.<\/p>\n<\/div>\n<ul>\n<li>\n<p>        <img decoding=\"async\" src=\"\/wp-content\/uploads\/2025\/10\/Bildschirmfoto-2025-10-06-um-14.26.23.png\" alt=\"\"><\/p>\n<h3>Kfm. Mitarbeiter (m\/w\/d) im Bereich Photovoltaik <\/h3>\n<p>Energiebranche<\/p>\n<div>\n<p>Standort: M\u00fcnchen<\/p>\n<p>kinewables GmbH<\/p>\n<p><a href=\"https:\/\/de.indeed.com\/viewjob?jk=ad5f715c588382bd\" target=\"_blank\" rel=\"noopener\">Die Stellenbeschreibung<\/a><\/p>\n<\/div>\n<p><a href=\"https:\/\/www.purejob.de\/kfm-mitarbeiter-kinewables\" target=\"_blank\" rel=\"noopener\">Zum Videopodcast<\/a><\/p>\n<\/li>\n<li>\n<p>        <img decoding=\"async\" src=\"\/wp-content\/uploads\/2025\/09\/Bildschirmfoto-2025-09-02-um-19.05.34.png\" alt=\"\"><\/p>\n<h3>Origination Support (m\/w\/d)<\/h3>\n<p>Energiebranche<\/p>\n<div>\n<p>Standort: D\u00fcsseldorf \/ Hybrid<\/p>\n<p>SCMI GmbH<\/p>\n<p>Die Stellenbeschreibung<\/p>\n<\/div>\n<p><a href=\"https:\/\/www.purejob.de\/scmi-origination-support\" target=\"_blank\" rel=\"noopener\">Zum Videopodcast<\/a><\/p>\n<\/li>\n<li>\n<p>        <img decoding=\"async\" src=\"\/wp-content\/uploads\/2025\/06\/Bildschirmfoto-2025-06-21-um-12.40.33.png\" alt=\"\"><\/p>\n<h3>Portfoliomanager (m\/w\/d)<\/h3>\n<p>Energiebranche<\/p>\n<div>\n<p>Standort: Stuttgart \/ Hybrid\u00a0<\/p>\n<p>E.VITA GmbH<\/p>\n<p><a href=\"https:\/\/evita.jobs.personio.de\/job\/1840464?language=de&amp;display=de\" target=\"_blank\" rel=\"noopener\">Die Stellenbeschreibung<\/a><\/p>\n<\/div>\n<p><a href=\"https:\/\/www.purejob.de\/porfoliomanager-e-vita\" target=\"_blank\" rel=\"noopener\">Zum Videopodcast<\/a><\/p>\n<\/li>\n<li>\n<p>        <img decoding=\"async\" src=\"\/wp-content\/uploads\/2025\/06\/Bildschirmfoto-2025-06-26-um-14.38.59.png\" alt=\"\"><\/p>\n<h3>Positionsbezeichnung (m\/w\/d)<\/h3>\n<p>Energiebranche<\/p>\n<div>\n<p>Standort:\u00a0<\/p>\n<p>Das Unternehmen<\/p>\n<p>Die Stellenbeschreibung<\/p>\n<\/div>\n<p><a href=\"https:\/\/www.purejob.de\/porfoliomanager-e-vita\" target=\"_blank\" rel=\"noopener\">Zum Videopodcast<\/a><\/p>\n<\/li>\n<li>\n<p>        <img decoding=\"async\" src=\"\/wp-content\/uploads\/2025\/06\/Bildschirmfoto-2025-06-26-um-14.38.59.png\" alt=\"\"><\/p>\n<h3>Positionsbezeichnung (m\/w\/d)<\/h3>\n<p>Energiebranche<\/p>\n<div>\n<p>Standort:\u00a0<\/p>\n<p>Das Unternehmen<\/p>\n<p>Die Stellenbeschreibung<\/p>\n<\/div>\n<p><a href=\"https:\/\/www.purejob.de\/porfoliomanager-e-vita\" target=\"_blank\" rel=\"noopener\">Zum Videopodcast<\/a><\/p>\n<\/li>\n<li>\n<p>        <img decoding=\"async\" src=\"\/wp-content\/uploads\/2025\/06\/Bildschirmfoto-2025-06-26-um-14.38.59.png\" alt=\"\"><\/p>\n<h3>Positionsbezeichnung (m\/w\/d)<\/h3>\n<p>Energiebranche<\/p>\n<div>\n<p>Standort:\u00a0<\/p>\n<p>Das Unternehmen<\/p>\n<p>Die Stellenbeschreibung<\/p>\n<\/div>\n<p><a href=\"https:\/\/www.purejob.de\/porfoliomanager-e-vita\" target=\"_blank\" rel=\"noopener\">Zum Videopodcast<\/a><\/p>\n<\/li>\n<li>\n<p>        <img decoding=\"async\" src=\"\/wp-content\/uploads\/2025\/06\/Bildschirmfoto-2025-06-26-um-14.38.59.png\" alt=\"\"><\/p>\n<h3>Positionsbezeichnung (m\/w\/d)<\/h3>\n<p>Energiebranche<\/p>\n<div>\n<p>Standort:\u00a0<\/p>\n<p>Das Unternehmen<\/p>\n<p>Die Stellenbeschreibung<\/p>\n<\/div>\n<p><a href=\"https:\/\/www.purejob.de\/porfoliomanager-e-vita\" target=\"_blank\" rel=\"noopener\">Zum Videopodcast<\/a><\/p>\n<\/li>\n<li>\n<p>        <img decoding=\"async\" src=\"\/wp-content\/uploads\/2025\/06\/Bildschirmfoto-2025-06-26-um-14.38.59.png\" alt=\"\"><\/p>\n<h3>Positionsbezeichnung (m\/w\/d)<\/h3>\n<p>Energiebranche<\/p>\n<div>\n<p>Standort:\u00a0<\/p>\n<p>Das Unternehmen<\/p>\n<p>Die Stellenbeschreibung<\/p>\n<\/div>\n<p><a href=\"https:\/\/www.purejob.de\/porfoliomanager-e-vita\" target=\"_blank\" rel=\"noopener\">Zum Videopodcast<\/a><\/p>\n<\/li>\n<\/ul>\n<p><!--more--><br \/>\n<!-- {\"type\":\"layout\",\"children\":[{\"name\":\"Hero\",\"type\":\"section\",\"props\":{\"header_transparent\":true,\"header_transparent_noplaceholder\":true,\"header_transparent_text_color\":\"light\",\"image\":\"wp-content\\\/uploads\\\/services-hero.jpg\",\"image_effect\":\"parallax\",\"image_height\":\"1440\",\"image_loading\":true,\"image_parallax_bgy\":\"-60,160\",\"image_parallax_easing\":\"1\",\"image_position\":\"center-center\",\"image_width\":\"2560\",\"padding\":\"xlarge\",\"style\":\"secondary\",\"title_breakpoint\":\"xl\",\"title_position\":\"top-left\",\"title_rotation\":\"left\",\"vertical_align\":\"\",\"width\":\"\"},\"children\":[{\"type\":\"row\",\"props\":{\"column_gap\":\"large\",\"layout\":\"1-2,1-2\",\"row_gap\":\"large\",\"width\":\"large\"},\"children\":[{\"type\":\"column\",\"props\":{\"image_position\":\"center-center\",\"position_sticky_breakpoint\":\"m\",\"width_xlarge\":\"1-2\"},\"children\":[{\"type\":\"headline\",\"props\":{\"animation\":\"parallax\",\"content\":\"purejob\",\"parallax_easing\":\"1\",\"parallax_end\":\"10vh + 10%\",\"parallax_opacity\":\"1,0\",\"parallax_y\":\"0,-40\",\"text_align\":\"left\",\"text_align_breakpoint\":\"m\",\"text_align_fallback\":\"center\",\"title_element\":\"h1\",\"title_style\":\"heading-medium\"}}]},{\"type\":\"column\",\"props\":{\"image_position\":\"center-center\",\"position_sticky_breakpoint\":\"m\",\"vertical_align\":\"middle\",\"width_xlarge\":\"1-2\"},\"children\":[{\"type\":\"text\",\"props\":{\"animation\":\"parallax\",\"column_breakpoint\":\"m\",\"content\":\"\n\n<p>Eine Stellenanzeige ist oftmals das erste Mittel der Wahl, um eine Vakanz zu besetzen. Reichen der Zielgruppe die Informationen in einer Stellenanzeige aus, um eine Bewerbung zu senden?<\\\/p>\",\"margin\":\"default\",\"parallax_easing\":\"1\",\"parallax_end\":\"10vh + 10%\",\"parallax_opacity\":\"1,0\",\"parallax_y\":\"0,-20\",\"text_align\":\"left\",\"text_align_breakpoint\":\"m\",\"text_align_fallback\":\"center\",\"text_style\":\"large\"}}]}]}]},{\"name\":\"Services\",\"type\":\"section\",\"props\":{\"height_viewport\":false,\"id\":\"our-services\",\"image_effect\":\"parallax\",\"image_parallax_bgy\":\"-250,10\",\"image_parallax_breakpoint\":\"m\",\"image_parallax_easing\":\"1\",\"image_position\":\"center-center\",\"media_visibility\":\"m\",\"padding\":\"xlarge\",\"padding_remove_top\":false,\"style\":\"default\",\"title_breakpoint\":\"xl\",\"title_position\":\"top-left\",\"title_rotation\":\"left\",\"vertical_align\":\"\",\"width\":\"large\"},\"children\":[{\"type\":\"row\",\"props\":{\"alignment\":\"left\",\"margin\":\"large\"},\"children\":[{\"type\":\"column\",\"props\":{\"image\":\"wp-content\\\/uploads\\\/2024\\\/12\\\/EnergieFeld32.svg\",\"image_effect\":\"parallax\",\"image_height\":100,\"image_parallax_bgx\":\"280 45%\",\"image_position\":\"center-left\",\"media_visibility\":\"m\",\"position_sticky_breakpoint\":\"m\",\"style\":\"tile-default\",\"width_medium\":\"1-1\"},\"children\":[{\"type\":\"headline\",\"props\":{\"content\":\"purejob\",\"parallax_opacity\":\"0.2,1\",\"text_align\":\"left\",\"text_align_breakpoint\":\"s\",\"text_align_fallback\":\"center\",\"title_element\":\"h2\",\"title_style\":\"heading-medium\"}}]}]},{\"type\":\"row\",\"props\":{\"margin\":\"large\"},\"children\":[{\"type\":\"column\",\"props\":{\"image_position\":\"center-center\",\"position_sticky_breakpoint\":\"m\",\"width_medium\":\"1-1\"},\"children\":[{\"type\":\"text\",\"props\":{\"column_breakpoint\":\"m\",\"content\":\"\n\n<p>Eine Stellenausschreibung ist in der Lage, erste Informationen zu einer Vakanz zu vermitteln. Es werden aber mehr Informationen zur Aufgabe und zum Umfeld ben\\u00f6tigt, um aus der Deckung der Anonymit\\u00e4t zu treten und das eigene Interesse per Bewerbung zu bekunden. Nicht selten wird daher auf das Erstellen und Senden der eigenen Unterlagen verzichtet. pureJobs hilft dabei, wichtige Fragen im Vorfeld zu kl\\u00e4ren. Wir sprechen zuerst vertraulich mit Personen aus dem Markt \\u00fcber die Vakanz. Wir wollen herausfinden, welche Fragen nach dem Lesen der Stellenbeschreibung bei der Zielgruppe unbeantwortet sind.<\\\/p>\\n\n\n<p>Diese Fragen kl\\u00e4ren wir mit den f\\u00fcr die Position verantwortlichen Personen in einem kurzen Videopodcast, die wir ver\\u00f6ffentlichen und bei denen es nur um den purejob geht.<\\\/p>\",\"margin\":\"default\",\"maxwidth\":\"2xlarge\"}}]}]}]},{\"type\":\"section\",\"props\":{\"image_position\":\"center-center\",\"style\":\"default\",\"title_breakpoint\":\"xl\",\"title_position\":\"top-left\",\"title_rotation\":\"left\",\"vertical_align\":\"middle\",\"width\":\"large\"},\"children\":[{\"type\":\"row\",\"children\":[{\"type\":\"column\",\"props\":{\"image_position\":\"center-center\",\"position_sticky_breakpoint\":\"m\"},\"children\":[{\"type\":\"grid\",\"props\":{\"content_column_breakpoint\":\"m\",\"filter_align\":\"left\",\"filter_all\":true,\"filter_grid_breakpoint\":\"m\",\"filter_grid_width\":\"auto\",\"filter_position\":\"top\",\"filter_style\":\"tab\",\"grid_default\":\"1\",\"grid_large\":\"4\",\"grid_medium\":\"3\",\"icon_width\":80,\"image_align\":\"top\",\"image_grid_breakpoint\":\"m\",\"image_grid_width\":\"1-2\",\"image_loading\":true,\"image_svg_color\":\"emphasis\",\"item_animation\":true,\"lightbox_bg_close\":true,\"link_margin\":\"medium\",\"link_style\":\"default\",\"link_text\":\"Zum Video\",\"margin\":\"default\",\"meta_align\":\"below-title\",\"meta_color\":\"emphasis\",\"meta_element\":\"div\",\"meta_margin\":\"small\",\"meta_style\":\"text-meta\",\"panel_expand\":\"content\",\"panel_link\":true,\"panel_padding\":\"small\",\"panel_style\":\"card-default\",\"show_content\":true,\"show_hover_image\":true,\"show_hover_video\":true,\"show_image\":true,\"show_link\":true,\"show_meta\":true,\"show_title\":true,\"show_video\":true,\"title_align\":\"top\",\"title_color\":\"emphasis\",\"title_element\":\"h3\",\"title_grid_breakpoint\":\"m\",\"title_grid_width\":\"1-2\",\"title_hover_style\":\"reset\",\"title_style\":\"text-lead\"},\"children\":[{\"type\":\"grid_item\",\"props\":{\"content\":\"\n\n<p>Standort: M\\u00fcnchen<\\\/p>\\n\n\n<p>kinewables GmbH<\\\/p>\\n\n\n<p><a href=\\\"https:\\\/\\\/de.indeed.com\\\/viewjob?jk=ad5f715c588382bd\\\">Die Stellenbeschreibung<\\\/a><\\\/p>\",\"image\":\"wp-content\\\/uploads\\\/2025\\\/10\\\/Bildschirmfoto-2025-10-06-um-14.26.23.png\",\"link\":\"https:\\\/\\\/www.purejob.de\\\/kfm-mitarbeiter-kinewables\",\"link_text\":\"Zum Videopodcast\",\"meta\":\"Energiebranche\",\"panel_style\":\"card-secondary\",\"title\":\"Kfm. Mitarbeiter (m\\\/w\\\/d) im Bereich Photovoltaik \"}},{\"type\":\"grid_item\",\"props\":{\"content\":\"\n\n<p>Standort: D\\u00fcsseldorf \\\/ Hybrid<\\\/p>\\n\n\n<p>SCMI GmbH<\\\/p>\\n\n\n<p>Die Stellenbeschreibung<\\\/p>\",\"image\":\"wp-content\\\/uploads\\\/2025\\\/09\\\/Bildschirmfoto-2025-09-02-um-19.05.34.png\",\"link\":\"https:\\\/\\\/www.purejob.de\\\/scmi-origination-support\",\"link_text\":\"Zum Videopodcast\",\"meta\":\"Energiebranche\",\"panel_style\":\"card-secondary\",\"title\":\"Origination Support (m\\\/w\\\/d)\"}},{\"type\":\"grid_item\",\"props\":{\"content\":\"\n\n<p>Standort: Stuttgart \\\/ Hybrid\\u00a0<\\\/p>\\n\n\n<p>E.VITA GmbH<\\\/p>\\n\n\n<p><a href=\\\"https:\\\/\\\/evita.jobs.personio.de\\\/job\\\/1840464?language=de&amp;display=de\\\">Die Stellenbeschreibung<\\\/a><\\\/p>\",\"image\":\"wp-content\\\/uploads\\\/2025\\\/06\\\/Bildschirmfoto-2025-06-21-um-12.40.33.png\",\"link\":\"https:\\\/\\\/www.purejob.de\\\/porfoliomanager-e-vita\",\"link_text\":\"Zum Videopodcast\",\"meta\":\"Energiebranche\",\"panel_style\":\"card-secondary\",\"title\":\"Portfoliomanager (m\\\/w\\\/d)\"}},{\"type\":\"grid_item\",\"props\":{\"content\":\"\n\n<p>Standort:\\u00a0<\\\/p>\\n\n\n<p>Das Unternehmen<\\\/p>\\n\n\n<p>Die Stellenbeschreibung<\\\/p>\",\"image\":\"wp-content\\\/uploads\\\/2025\\\/06\\\/Bildschirmfoto-2025-06-26-um-14.38.59.png\",\"link\":\"https:\\\/\\\/www.purejob.de\\\/porfoliomanager-e-vita\",\"link_text\":\"Zum Videopodcast\",\"meta\":\"Energiebranche\",\"panel_style\":\"card-secondary\",\"title\":\"Positionsbezeichnung (m\\\/w\\\/d)\"}},{\"type\":\"grid_item\",\"props\":{\"content\":\"\n\n<p>Standort:\\u00a0<\\\/p>\\n\n\n<p>Das Unternehmen<\\\/p>\\n\n\n<p>Die Stellenbeschreibung<\\\/p>\",\"image\":\"wp-content\\\/uploads\\\/2025\\\/06\\\/Bildschirmfoto-2025-06-26-um-14.38.59.png\",\"link\":\"https:\\\/\\\/www.purejob.de\\\/porfoliomanager-e-vita\",\"link_text\":\"Zum Videopodcast\",\"meta\":\"Energiebranche\",\"panel_style\":\"card-secondary\",\"title\":\"Positionsbezeichnung (m\\\/w\\\/d)\"}},{\"type\":\"grid_item\",\"props\":{\"content\":\"\n\n<p>Standort:\\u00a0<\\\/p>\\n\n\n<p>Das Unternehmen<\\\/p>\\n\n\n<p>Die Stellenbeschreibung<\\\/p>\",\"image\":\"wp-content\\\/uploads\\\/2025\\\/06\\\/Bildschirmfoto-2025-06-26-um-14.38.59.png\",\"link\":\"https:\\\/\\\/www.purejob.de\\\/porfoliomanager-e-vita\",\"link_text\":\"Zum Videopodcast\",\"meta\":\"Energiebranche\",\"panel_style\":\"card-secondary\",\"title\":\"Positionsbezeichnung (m\\\/w\\\/d)\"}},{\"type\":\"grid_item\",\"props\":{\"content\":\"\n\n<p>Standort:\\u00a0<\\\/p>\\n\n\n<p>Das Unternehmen<\\\/p>\\n\n\n<p>Die Stellenbeschreibung<\\\/p>\",\"image\":\"wp-content\\\/uploads\\\/2025\\\/06\\\/Bildschirmfoto-2025-06-26-um-14.38.59.png\",\"link\":\"https:\\\/\\\/www.purejob.de\\\/porfoliomanager-e-vita\",\"link_text\":\"Zum Videopodcast\",\"meta\":\"Energiebranche\",\"panel_style\":\"card-secondary\",\"title\":\"Positionsbezeichnung (m\\\/w\\\/d)\"}},{\"type\":\"grid_item\",\"props\":{\"content\":\"\n\n<p>Standort:\\u00a0<\\\/p>\\n\n\n<p>Das Unternehmen<\\\/p>\\n\n\n<p>Die Stellenbeschreibung<\\\/p>\",\"image\":\"wp-content\\\/uploads\\\/2025\\\/06\\\/Bildschirmfoto-2025-06-26-um-14.38.59.png\",\"link\":\"https:\\\/\\\/www.purejob.de\\\/porfoliomanager-e-vita\",\"link_text\":\"Zum Videopodcast\",\"meta\":\"Energiebranche\",\"panel_style\":\"card-secondary\",\"title\":\"Positionsbezeichnung (m\\\/w\\\/d)\"}}]}]}]}]}],\"version\":\"4.5.25\",\"yooessentialsVersion\":\"2.4.4\"} --><\/p>\n","protected":false},"excerpt":{"rendered":"<p>purejob Eine Stellenanzeige ist oftmals das erste Mittel der Wahl, um eine Vakanz zu besetzen. Reichen der Zielgruppe die Informationen in einer Stellenanzeige aus, um eine Bewerbung zu senden? purejob Eine Stellenausschreibung ist in der Lage, erste Informationen zu einer Vakanz zu vermitteln. Es werden aber mehr Informationen zur Aufgabe und zum Umfeld ben\u00f6tigt, um [&hellip;]<\/p>\n","protected":false},"author":1,"featured_media":0,"parent":0,"menu_order":0,"comment_status":"closed","ping_status":"closed","template":"","meta":{"footnotes":""},"class_list":["post-620","page","type-page","status-publish","hentry"],"_links":{"self":[{"href":"https:\/\/www.feld32.de\/en\/wp-json\/wp\/v2\/pages\/620","targetHints":{"allow":["GET"]}}],"collection":[{"href":"https:\/\/www.feld32.de\/en\/wp-json\/wp\/v2\/pages"}],"about":[{"href":"https:\/\/www.feld32.de\/en\/wp-json\/wp\/v2\/types\/page"}],"author":[{"embeddable":true,"href":"https:\/\/www.feld32.de\/en\/wp-json\/wp\/v2\/users\/1"}],"replies":[{"embeddable":true,"href":"https:\/\/www.feld32.de\/en\/wp-json\/wp\/v2\/comments?post=620"}],"version-history":[{"count":10,"href":"https:\/\/www.feld32.de\/en\/wp-json\/wp\/v2\/pages\/620\/revisions"}],"predecessor-version":[{"id":723,"href":"https:\/\/www.feld32.de\/en\/wp-json\/wp\/v2\/pages\/620\/revisions\/723"}],"wp:attachment":[{"href":"https:\/\/www.feld32.de\/en\/wp-json\/wp\/v2\/media?parent=620"}],"curies":[{"name":"wp","href":"https:\/\/api.w.org\/{rel}","templated":true}]}}