{"id":9,"date":"2024-11-28T10:36:20","date_gmt":"2024-11-28T09:36:20","guid":{"rendered":"https:\/\/feld32.wedeon.it\/?page_id=9"},"modified":"2025-09-05T09:16:08","modified_gmt":"2025-09-05T07:16:08","slug":"startseite","status":"publish","type":"page","link":"https:\/\/www.feld32.de\/en\/","title":{"rendered":"Home page"},"content":{"rendered":"<p><img decoding=\"async\" src=\"\/wp-content\/uploads\/2025\/05\/Bildschirmfoto-2025-05-29-um-14.12.49.png\" alt=\"\"><\/p>\n<div>\n<h2>FELD32<\/h2>\n<div>\n<p>FELD32 ist eine Personalberatung f\u00fcr Fach- und F\u00fchrungskr\u00e4fte, die auf die Branchen Energie und Chemie spezialisiert ist. In beiden Branchen verf\u00fcgen wir \u00fcber mehr als 20 Jahre Erfahrung, so dass wir als Headhunter in der Lage sind mit Kunden und Kandidaten\/-innen mehr als nur Schlagworte aus einer Positionsbeschreibung zu besprechen.<\/p>\n<p>Diese FELD32-Website dient als eine erste Informationsquelle, die den pers\u00f6nlichen Austausch nicht ersetzen soll und kann. F\u00fcr mehr Informationen oder Referenzen stehen wir jederzeit zur Verf\u00fcgung.<\/p>\n<\/div>\n<\/div>\n<p><p>\n        <a href=\"\/kontakt\/\">Jetzt kontaktieren<\/a>\n    <\/p>\n<\/p>\n<h2>Direktansprache<\/h2>\n<div>Langj\u00e4hrige Erfahrung in der Direktansprache von Fach- und F\u00fchrungskr\u00e4ften bef\u00e4higen uns offene Stellen schnell und passend zu besetzen. Unsere Erfahrung und unser Netzwerk sind bei unserem Vorgehen das Fundament f\u00fcr unseren Erfolg. Neben diesem Handwerkzeug bei der Direktansprache verf\u00fcgen wir \u00fcber fundierte Branchenkenntnisse, die f\u00fcr eine qualifiziere Suche und Ansprache unerl\u00e4sslich sind. <\/div>\n<h2>Referenzen<\/h2>\n<div>Gerne nennen wir Referenzen mit pers\u00f6nlichen Ansprechpartnern, die \u00fcber unser Vorgehen und unsere Leistungen berichten k\u00f6nnen.<\/div>\n<p><p>\n        <a href=\"\/kontakt\/\">Jetzt kontaktieren<\/a>\n    <\/p>\n<\/p>\n<p><!--more--><br \/>\n<!-- {\"type\":\"layout\",\"children\":[{\"name\":\"Hero\",\"type\":\"section\",\"props\":{\"class\":\"demo\",\"header_transparent\":true,\"header_transparent_noplaceholder\":true,\"header_transparent_text_color\":\"light\",\"height\":\"pixels\",\"height_offset_top\":true,\"height_viewport\":1000,\"image_effect\":\"parallax\",\"image_height\":\"1440\",\"image_loading\":true,\"image_parallax_bgx\":\"0,-60\",\"image_parallax_easing\":\"1\",\"image_position\":\"center-right\",\"image_size\":\"cover\",\"image_width\":\"2560\",\"media_visibility\":\"s\",\"padding\":\"large\",\"style\":\"secondary\",\"title_breakpoint\":\"xl\",\"title_position\":\"top-left\",\"title_rotation\":\"left\",\"vertical_align\":\"middle\",\"video\":\"wp-content\\\/uploads\\\/2024\\\/12\\\/Logo_FELD_32_2MBit_2024_12_09.mp4\",\"width\":\"large\"},\"children\":[{\"type\":\"row\",\"children\":[{\"type\":\"column\",\"props\":{\"image_effect\":\"parallax\",\"image_parallax_bgy\":\"-10,-90\",\"image_parallax_easing\":\"1\",\"image_position\":\"center-center\",\"position_sticky_breakpoint\":\"m\",\"width_medium\":\"1-1\"}}]}]},{\"name\":\"About\",\"type\":\"section\",\"props\":{\"css\":\"@media (max-width: 959px) {\\n    .el-section > div { padding-top: 40px; }\\n}\",\"height_viewport\":false,\"id\":\"services\",\"image\":\"wp-content\\\/uploads\\\/2025\\\/02\\\/Startseitefeld32-.svg\",\"image_effect\":\"parallax\",\"image_parallax_bgx\":\"500\",\"image_parallax_bgy\":\"220,500\",\"image_parallax_breakpoint\":\"m\",\"image_parallax_easing\":\"1\",\"image_position\":\"top-left\",\"image_width\":1500,\"media_focal_point\":\"top-left\",\"media_visibility\":\"l\",\"padding\":\"xlarge\",\"padding_remove_bottom\":false,\"padding_remove_top\":false,\"style\":\"default\",\"title_breakpoint\":\"xl\",\"title_position\":\"top-left\",\"title_rotation\":\"left\",\"vertical_align\":\"\",\"width\":\"xlarge\"},\"children\":[{\"type\":\"row\",\"props\":{\"column_gap\":\"large\",\"divider\":false,\"layout\":\"1-2,1-2\",\"margin\":\"default\",\"row_gap\":\"large\"},\"children\":[{\"type\":\"column\",\"props\":{\"image_effect\":\"parallax\",\"image_parallax_bgy\":\"80,180\",\"image_parallax_easing\":\"1\",\"image_position\":\"top-right\",\"position_sticky_breakpoint\":\"m\",\"vertical_align\":\"middle\",\"width_medium\":\"1-2\"},\"children\":[{\"type\":\"image\",\"props\":{\"animation\":\"parallax\",\"image\":\"wp-content\\\/uploads\\\/2025\\\/05\\\/Bildschirmfoto-2025-05-29-um-14.12.49.png\",\"image_svg_color\":\"emphasis\",\"image_width\":1200,\"margin\":\"default\",\"parallax_breakpoint\":\"s\",\"parallax_easing\":\"1\",\"parallax_end\":\"50vh + 50%\",\"parallax_opacity\":\"0.2,1\",\"parallax_y\":\"60,0\",\"text_align\":\"right\",\"text_align_breakpoint\":\"m\",\"text_align_fallback\":\"center\"}}]},{\"type\":\"column\",\"props\":{\"image_position\":\"center-center\",\"order_first\":\"m\",\"position_sticky_breakpoint\":\"m\",\"vertical_align\":\"middle\",\"width_medium\":\"1-2\"},\"children\":[{\"type\":\"headline\",\"props\":{\"content\":\"\",\"title_element\":\"h1\",\"title_style\":\"h5\"}},{\"type\":\"panel\",\"props\":{\"animation\":\"parallax\",\"content\":\"\n\n<p>FELD32 ist eine Personalberatung f\\u00fcr Fach- und F\\u00fchrungskr\\u00e4fte, die auf die Branchen Energie und Chemie spezialisiert ist. In beiden Branchen verf\\u00fcgen wir \\u00fcber mehr als 20 Jahre Erfahrung, so dass wir als Headhunter in der Lage sind mit Kunden und Kandidaten\\\/-innen mehr als nur Schlagworte aus einer Positionsbeschreibung zu besprechen.<\\\/p>\\n\n\n<p>Diese FELD32-Website dient als eine erste Informationsquelle, die den pers\\u00f6nlichen Austausch nicht ersetzen soll und kann. F\\u00fcr mehr Informationen oder Referenzen stehen wir jederzeit zur Verf\\u00fcgung.<\\\/p>\",\"content_column_breakpoint\":\"m\",\"icon_width\":80,\"image_align\":\"top\",\"image_grid_breakpoint\":\"m\",\"image_grid_width\":\"1-2\",\"image_svg_color\":\"emphasis\",\"link_size\":\"large\",\"link_style\":\"text\",\"link_text\":\"\",\"margin\":\"medium\",\"margin_remove_top\":false,\"maxwidth\":\"xlarge\",\"maxwidth_breakpoint\":\"m\",\"meta_align\":\"below-title\",\"meta_element\":\"div\",\"meta_style\":\"text-meta\",\"parallax_easing\":\"1\",\"parallax_end\":\"70vh + 70%\",\"parallax_opacity\":\"0.2,1\",\"parallax_y\":\"20,0\",\"text_align\":\"left\",\"text_align_breakpoint\":\"m\",\"text_align_fallback\":\"center\",\"title\":\"FELD32\",\"title_align\":\"top\",\"title_element\":\"h2\",\"title_grid_breakpoint\":\"m\",\"title_grid_width\":\"1-2\",\"title_hover_style\":\"reset\",\"title_style\":\"heading-medium\"}},{\"type\":\"button\",\"props\":{\"animation\":\"parallax\",\"fullwidth\":false,\"grid_column_gap\":\"small\",\"grid_row_gap\":\"small\",\"margin\":\"medium\",\"parallax_easing\":0.6999999999999999555910790149937383830547332763671875,\"parallax_end\":\"70vh + 70%\",\"parallax_opacity\":\"0.2,1\",\"parallax_y\":\"20,0\",\"text_align\":\"left\",\"text_align_breakpoint\":\"m\",\"text_align_fallback\":\"center\"},\"children\":[{\"type\":\"button_item\",\"props\":{\"button_style\":\"secondary\",\"content\":\"Jetzt kontaktieren\",\"dialog_layout\":\"modal\",\"dialog_offcanvas_flip\":true,\"icon\":\"arrow-right\",\"icon_align\":\"right\",\"link\":\"kontakt\\\/\"}}]}]}]}]},{\"name\":\"Portfolio\",\"type\":\"section\",\"props\":{\"image\":\"wp-content\\\/uploads\\\/2024\\\/12\\\/feld32-startseite-parallax.webp\",\"image_effect\":\"parallax\",\"image_parallax_bgx\":\",\",\"image_parallax_bgy\":\"500\",\"image_parallax_easing\":\"0\",\"image_position\":\"center-left\",\"media_overlay\":\"rgba(22, 22, 22, 0.78)\",\"padding\":\"xlarge\",\"style\":\"secondary\",\"title_breakpoint\":\"xl\",\"title_position\":\"top-left\",\"title_rotation\":\"left\",\"vertical_align\":\"\",\"width\":\"\"},\"children\":[{\"type\":\"row\",\"props\":{\"layout\":\"1-2,1-2\",\"margin\":\"xlarge\",\"width\":\"large\"},\"children\":[{\"type\":\"column\",\"props\":{\"image_position\":\"center-center\",\"position_sticky_breakpoint\":\"m\",\"vertical_align\":\"middle\",\"width_medium\":\"1-2\"}},{\"type\":\"column\",\"props\":{\"image\":\"wp-content\\\/uploads\\\/home-about-texture.svg\",\"image_position\":\"center-right\",\"position_sticky_breakpoint\":\"m\",\"vertical_align\":\"middle\",\"width_medium\":\"1-2\"},\"children\":[{\"type\":\"headline\",\"props\":{\"animation\":\"parallax\",\"content\":\"Direktansprache\",\"parallax_easing\":\"1\",\"parallax_end\":\"70vh + 70%\",\"parallax_opacity\":\"0,1\",\"text_align\":\"left\",\"text_align_breakpoint\":\"m\",\"text_align_fallback\":\"center\",\"title_element\":\"h2\",\"title_style\":\"heading-medium\"}},{\"type\":\"text\",\"props\":{\"column_breakpoint\":\"m\",\"content\":\"Langj\\u00e4hrige Erfahrung in der Direktansprache von Fach- und F\\u00fchrungskr\\u00e4ften bef\\u00e4higen uns offene Stellen schnell und passend zu besetzen. Unsere Erfahrung und unser Netzwerk sind bei unserem Vorgehen das Fundament f\\u00fcr unseren Erfolg. Neben diesem Handwerkzeug bei der Direktansprache verf\\u00fcgen wir \\u00fcber fundierte Branchenkenntnisse, die f\\u00fcr eine qualifiziere Suche und Ansprache unerl\\u00e4sslich sind. \",\"margin\":\"default\"}}]}]}]},{\"name\":\"Referenzen\",\"type\":\"section\",\"props\":{\"image_position\":\"center-center\",\"padding\":\"xlarge\",\"padding_remove_bottom\":false,\"style\":\"default\",\"title_breakpoint\":\"xl\",\"title_position\":\"top-left\",\"title_rotation\":\"left\",\"vertical_align\":\"\",\"width\":\"xlarge\"},\"children\":[{\"type\":\"row\",\"props\":{\"layout\":\"1-2,1-2\",\"margin\":\"large\"},\"children\":[{\"type\":\"column\",\"props\":{\"image_position\":\"center-center\",\"position_sticky_breakpoint\":\"m\",\"width_medium\":\"1-2\"},\"children\":[{\"type\":\"headline\",\"props\":{\"animation\":\"parallax\",\"content\":\"Referenzen\",\"parallax_easing\":\"1\",\"parallax_end\":\"70vh + 70%\",\"parallax_opacity\":\"0,1\",\"text_align\":\"left\",\"text_align_breakpoint\":\"m\",\"text_align_fallback\":\"center\",\"title_decoration\":\"line\",\"title_element\":\"h2\",\"title_style\":\"heading-small\"}}]},{\"type\":\"column\",\"props\":{\"image_position\":\"center-center\",\"position_sticky_breakpoint\":\"m\",\"width_medium\":\"1-2\"},\"children\":[{\"type\":\"text\",\"props\":{\"animation\":\"parallax\",\"column_breakpoint\":\"m\",\"content\":\"Gerne nennen wir Referenzen mit pers\\u00f6nlichen Ansprechpartnern, die \\u00fcber unser Vorgehen und unsere Leistungen berichten k\\u00f6nnen.\",\"margin\":\"default\",\"maxwidth\":\"large\",\"maxwidth_breakpoint\":\"m\",\"parallax_easing\":\"1\",\"parallax_end\":\"70vh + 70%\",\"parallax_opacity\":\"0,1\",\"text_align\":\"left\",\"text_align_breakpoint\":\"m\",\"text_align_fallback\":\"center\"}},{\"type\":\"button\",\"props\":{\"animation\":\"parallax\",\"grid_column_gap\":\"small\",\"grid_row_gap\":\"small\",\"margin\":\"medium\",\"parallax_easing\":0.6999999999999999555910790149937383830547332763671875,\"parallax_end\":\"70vh + 70%\",\"parallax_opacity\":\"0.2,1\",\"parallax_y\":\"20,0\",\"text_align\":\"left\",\"text_align_breakpoint\":\"m\",\"text_align_fallback\":\"center\"},\"children\":[{\"type\":\"button_item\",\"props\":{\"button_style\":\"secondary\",\"content\":\"Jetzt kontaktieren\",\"dialog_layout\":\"modal\",\"dialog_offcanvas_flip\":true,\"icon\":\"arrow-right\",\"icon_align\":\"right\",\"link\":\"kontakt\\\/\"}}]}]}]}]}],\"version\":\"4.5.24\",\"yooessentialsVersion\":\"2.4.4\"} --><\/p>\n","protected":false},"excerpt":{"rendered":"<p>FELD32 FELD32 ist eine Personalberatung f\u00fcr Fach- und F\u00fchrungskr\u00e4fte, die auf die Branchen Energie und Chemie spezialisiert ist. In beiden Branchen verf\u00fcgen wir \u00fcber mehr als 20 Jahre Erfahrung, so dass wir als Headhunter in der Lage sind mit Kunden und Kandidaten\/-innen mehr als nur Schlagworte aus einer Positionsbeschreibung zu besprechen. Diese FELD32-Website dient als [&hellip;]<\/p>\n","protected":false},"author":1,"featured_media":0,"parent":0,"menu_order":0,"comment_status":"closed","ping_status":"closed","template":"","meta":{"footnotes":""},"class_list":["post-9","page","type-page","status-publish","hentry"],"_links":{"self":[{"href":"https:\/\/www.feld32.de\/en\/wp-json\/wp\/v2\/pages\/9","targetHints":{"allow":["GET"]}}],"collection":[{"href":"https:\/\/www.feld32.de\/en\/wp-json\/wp\/v2\/pages"}],"about":[{"href":"https:\/\/www.feld32.de\/en\/wp-json\/wp\/v2\/types\/page"}],"author":[{"embeddable":true,"href":"https:\/\/www.feld32.de\/en\/wp-json\/wp\/v2\/users\/1"}],"replies":[{"embeddable":true,"href":"https:\/\/www.feld32.de\/en\/wp-json\/wp\/v2\/comments?post=9"}],"version-history":[{"count":10,"href":"https:\/\/www.feld32.de\/en\/wp-json\/wp\/v2\/pages\/9\/revisions"}],"predecessor-version":[{"id":713,"href":"https:\/\/www.feld32.de\/en\/wp-json\/wp\/v2\/pages\/9\/revisions\/713"}],"wp:attachment":[{"href":"https:\/\/www.feld32.de\/en\/wp-json\/wp\/v2\/media?parent=9"}],"curies":[{"name":"wp","href":"https:\/\/api.w.org\/{rel}","templated":true}]}}